{"id":981,"date":"2018-12-05T16:28:07","date_gmt":"2018-12-05T20:28:07","guid":{"rendered":"https:\/\/btaq.ca\/boutique\/?post_type=product&#038;p=981"},"modified":"2024-09-16T13:20:42","modified_gmt":"2024-09-16T17:20:42","slug":"zoll-defibrillateur-aed-3-semi-automatique","status":"publish","type":"product","link":"https:\/\/btaq.ca\/boutique\/produit\/zoll-defibrillateur-aed-3-semi-automatique\/","title":{"rendered":"ZOLL d\u00e9fibrillateur AED 3 Automatique"},"content":{"rendered":"<p>Prix sur demande<\/p>\n<p>Le nouveau D\u00e9fibrillateur Zoll AED 3, Feedback-RCP, Ecran couleur LCD, mode adulte et p\u00e9diatrique<\/p>\n<p>Compatible avec les d\u00e9fibrillateurs des Techniciens Ambulancier Param\u00e9dic<\/p>\n<ul>\n<li>Une gestion compl\u00e8te de la r\u00e9animation afin de faire diminuer le stress de l\u2019intervenant.<\/li>\n<li>Une l\u2019analyse et une correction du massage cardiaque pratiqu\u00e9 afin d\u2019aider les sauveteurs non professionnels durant toutes les \u00e9tapes de la r\u00e9animation.<\/li>\n<li>Apr\u00e8s l\u2019installation des \u00e9lectrodes sur le patient, l\u2019AED 3 analyse l\u2019ECG du patient et d\u00e9termine si un choc peut \u00eatre d\u00e9livr\u00e9 dans un d\u00e9lai de 8 secondes apr\u00e8s la fin des compressions thoraciques.<\/li>\n<li>L\u2019AED 3 poss\u00e8de les m\u00eames \u00e9lectrodes qui sont aussi bien utilis\u00e9es pour un adulte que pour un enfant. Ces deux modes peuvent \u00eatre enclench\u00e9s gr\u00e2ce au bouton adulte\/enfant se trouvant sur l\u2019appareil.<\/li>\n<li>Pour sa maintenance, l\u2019AED 3 se teste automatiquement, aucune intervention humaine n\u2019est n\u00e9cessaire.<\/li>\n<\/ul>\n","protected":false},"excerpt":{"rendered":"<p>Prix sur demande Le nouveau D\u00e9fibrillateur Zoll AED 3, Feedback-RCP, Ecran couleur LCD, mode adulte et p\u00e9diatrique Compatible avec les d\u00e9fibrillateurs des Techniciens Ambulancier Param\u00e9dic Une gestion compl\u00e8te de la r\u00e9animation afin de faire diminuer le stress de l\u2019intervenant. Une l\u2019analyse et une correction du massage cardiaque pratiqu\u00e9 afin d\u2019aider les sauveteurs non professionnels durant [&hellip;]<\/p>\n","protected":false},"featured_media":982,"comment_status":"open","ping_status":"closed","template":"","meta":{"jetpack_post_was_ever_published":false,"jetpack_publicize_message":"","jetpack_publicize_feature_enabled":true,"jetpack_social_post_already_shared":true,"jetpack_social_options":{"image_generator_settings":{"template":"highway","default_image_id":0,"font":"","enabled":false},"version":2}},"product_brand":[],"product_cat":[112],"product_tag":[114,113],"class_list":{"0":"post-981","1":"product","2":"type-product","3":"status-publish","4":"has-post-thumbnail","6":"product_cat-defibrillateurs","7":"product_tag-dea","8":"product_tag-defibrillateur","10":"first","11":"onbackorder","12":"taxable","13":"shipping-taxable","14":"product-type-simple"},"jetpack_publicize_connections":[],"jetpack_sharing_enabled":true,"_links":{"self":[{"href":"https:\/\/btaq.ca\/boutique\/wp-json\/wp\/v2\/product\/981","targetHints":{"allow":["GET"]}}],"collection":[{"href":"https:\/\/btaq.ca\/boutique\/wp-json\/wp\/v2\/product"}],"about":[{"href":"https:\/\/btaq.ca\/boutique\/wp-json\/wp\/v2\/types\/product"}],"replies":[{"embeddable":true,"href":"https:\/\/btaq.ca\/boutique\/wp-json\/wp\/v2\/comments?post=981"}],"wp:featuredmedia":[{"embeddable":true,"href":"https:\/\/btaq.ca\/boutique\/wp-json\/wp\/v2\/media\/982"}],"wp:attachment":[{"href":"https:\/\/btaq.ca\/boutique\/wp-json\/wp\/v2\/media?parent=981"}],"wp:term":[{"taxonomy":"product_brand","embeddable":true,"href":"https:\/\/btaq.ca\/boutique\/wp-json\/wp\/v2\/product_brand?post=981"},{"taxonomy":"product_cat","embeddable":true,"href":"https:\/\/btaq.ca\/boutique\/wp-json\/wp\/v2\/product_cat?post=981"},{"taxonomy":"product_tag","embeddable":true,"href":"https:\/\/btaq.ca\/boutique\/wp-json\/wp\/v2\/product_tag?post=981"}],"curies":[{"name":"wp","href":"https:\/\/api.w.org\/{rel}","templated":true}]}}