{"id":760,"date":"2018-04-27T12:53:22","date_gmt":"2018-04-27T16:53:22","guid":{"rendered":"https:\/\/btaq.ca\/boutique\/?post_type=product&#038;p=760"},"modified":"2026-01-21T10:17:51","modified_gmt":"2026-01-21T14:17:51","slug":"autocollant-croix-de-vie","status":"publish","type":"product","link":"https:\/\/btaq.ca\/boutique\/produit\/autocollant-croix-de-vie\/","title":{"rendered":"Autocollant croix de vie"},"content":{"rendered":"<p>Autocollants croix de vie Scotchlite.<br \/>\nIls sont r\u00e9fl\u00e9chissants, et peuvent \u00eatre utilis\u00e9s pour identifier vos v\u00e9hicules ambulanciers, trousses, sac de transport, v\u00eatements, etc&#8230;<\/p>\n<p>Disponible en 2&#8243; (5cm), 3&#8243;(7.5 cm) et 6&#8243; (15cm).<\/p>\n","protected":false},"excerpt":{"rendered":"<p>Autocollants croix de vie Scotchlite. Ils sont r\u00e9fl\u00e9chissants, et peuvent \u00eatre utilis\u00e9s pour identifier vos v\u00e9hicules ambulanciers, trousses, sac de transport, v\u00eatements, etc&#8230; Disponible en 2&#8243; (5cm), 3&#8243;(7.5 cm) et 6&#8243; (15cm).<\/p>\n","protected":false},"featured_media":764,"comment_status":"open","ping_status":"closed","template":"","meta":{"jetpack_post_was_ever_published":false,"jetpack_publicize_message":"","jetpack_publicize_feature_enabled":true,"jetpack_social_post_already_shared":true,"jetpack_social_options":{"image_generator_settings":{"template":"highway","default_image_id":0,"font":"","enabled":false},"version":2}},"product_brand":[],"product_cat":[20],"product_tag":[],"class_list":{"0":"post-760","1":"product","2":"type-product","3":"status-publish","4":"has-post-thumbnail","6":"product_cat-autocollants-insigne-et-epinglette","8":"first","9":"instock","10":"taxable","11":"shipping-taxable","12":"purchasable","13":"product-type-variable","14":"has-default-attributes"},"jetpack_publicize_connections":[],"jetpack_sharing_enabled":true,"_links":{"self":[{"href":"https:\/\/btaq.ca\/boutique\/wp-json\/wp\/v2\/product\/760","targetHints":{"allow":["GET"]}}],"collection":[{"href":"https:\/\/btaq.ca\/boutique\/wp-json\/wp\/v2\/product"}],"about":[{"href":"https:\/\/btaq.ca\/boutique\/wp-json\/wp\/v2\/types\/product"}],"replies":[{"embeddable":true,"href":"https:\/\/btaq.ca\/boutique\/wp-json\/wp\/v2\/comments?post=760"}],"wp:featuredmedia":[{"embeddable":true,"href":"https:\/\/btaq.ca\/boutique\/wp-json\/wp\/v2\/media\/764"}],"wp:attachment":[{"href":"https:\/\/btaq.ca\/boutique\/wp-json\/wp\/v2\/media?parent=760"}],"wp:term":[{"taxonomy":"product_brand","embeddable":true,"href":"https:\/\/btaq.ca\/boutique\/wp-json\/wp\/v2\/product_brand?post=760"},{"taxonomy":"product_cat","embeddable":true,"href":"https:\/\/btaq.ca\/boutique\/wp-json\/wp\/v2\/product_cat?post=760"},{"taxonomy":"product_tag","embeddable":true,"href":"https:\/\/btaq.ca\/boutique\/wp-json\/wp\/v2\/product_tag?post=760"}],"curies":[{"name":"wp","href":"https:\/\/api.w.org\/{rel}","templated":true}]}}