{"id":755,"date":"2018-04-24T17:17:33","date_gmt":"2018-04-24T21:17:33","guid":{"rendered":"https:\/\/btaq.ca\/boutique\/?post_type=product&#038;p=755"},"modified":"2025-05-06T10:30:10","modified_gmt":"2025-05-06T14:30:10","slug":"planche-dorsale-medi-lite","status":"publish","type":"product","link":"https:\/\/btaq.ca\/boutique\/produit\/planche-dorsale-medi-lite\/","title":{"rendered":"Planche Dorsale Medi-Lite"},"content":{"rendered":"<p>Cette planche d&#8217;immobilisation en ABS pr\u00e9sente des caract\u00e9ristiques uniques par sa configuration permettant l&#8217;installation d&#8217;un syst\u00e8me d&#8217;immobilisation de t\u00eate de style &#8220;Universel&#8221;, de plus par son important espace ajour\u00e9 pour l&#8217;espace des mains et ses 12 emplacements ergonomique, cela facilitera la prise en main de la planche lors du soul\u00e8vement.<\/p>\n<p>De plus toutes nos planches sont \u00e9quip\u00e9es de &#8220;Pin&#8221; \u00a0pour l&#8217;attache des sangles de type &#8220;Fast Clip&#8221;.<\/p>\n<p>Capacit\u00e9 de charge maximale 180kgs ou 400 Lbs,<\/p>\n<p>Radiotransparante aux Rayons-X.<\/p>\n<p><u>Dimensions:<\/u> 185cm x 47cm x 4.4cm\u00a0 (72&#8221; x 18&#8221; x 2&#8221;)\u00a0 \u00a0 <span style=\"color: #ff0000;\"><strong>Non admissible \u00e0 la livraison gratuite<\/strong><\/span><\/p>\n<p><u>Poids<\/u>: 6.4Kgs ou 14 Lbs<\/p>\n<p><u>Couleurs disponibles:<\/u>\u00a0 Bleu.<\/p>\n","protected":false},"excerpt":{"rendered":"<p>Cette planche d&#8217;immobilisation en ABS pr\u00e9sente des caract\u00e9ristiques uniques par sa configuration permettant l&#8217;installation d&#8217;un syst\u00e8me d&#8217;immobilisation de t\u00eate de style &#8220;Universel&#8221;, de plus par son important espace ajour\u00e9 pour l&#8217;espace des mains et ses 12 emplacements ergonomique, cela facilitera la prise en main de la planche lors du soul\u00e8vement. De plus toutes nos planches [&hellip;]<\/p>\n","protected":false},"featured_media":756,"comment_status":"open","ping_status":"closed","template":"","meta":{"jetpack_post_was_ever_published":false,"jetpack_publicize_message":"","jetpack_publicize_feature_enabled":true,"jetpack_social_post_already_shared":true,"jetpack_social_options":{"image_generator_settings":{"template":"highway","default_image_id":0,"font":"","enabled":false},"version":2}},"product_brand":[],"product_cat":[36],"product_tag":[],"class_list":{"0":"post-755","1":"product","2":"type-product","3":"status-publish","4":"has-post-thumbnail","6":"product_cat-trauma-immobilisation","7":"product_shipping_class-hors-dimension","9":"first","10":"instock","11":"taxable","12":"shipping-taxable","13":"purchasable","14":"product-type-simple"},"jetpack_publicize_connections":[],"jetpack_sharing_enabled":true,"_links":{"self":[{"href":"https:\/\/btaq.ca\/boutique\/wp-json\/wp\/v2\/product\/755","targetHints":{"allow":["GET"]}}],"collection":[{"href":"https:\/\/btaq.ca\/boutique\/wp-json\/wp\/v2\/product"}],"about":[{"href":"https:\/\/btaq.ca\/boutique\/wp-json\/wp\/v2\/types\/product"}],"replies":[{"embeddable":true,"href":"https:\/\/btaq.ca\/boutique\/wp-json\/wp\/v2\/comments?post=755"}],"wp:featuredmedia":[{"embeddable":true,"href":"https:\/\/btaq.ca\/boutique\/wp-json\/wp\/v2\/media\/756"}],"wp:attachment":[{"href":"https:\/\/btaq.ca\/boutique\/wp-json\/wp\/v2\/media?parent=755"}],"wp:term":[{"taxonomy":"product_brand","embeddable":true,"href":"https:\/\/btaq.ca\/boutique\/wp-json\/wp\/v2\/product_brand?post=755"},{"taxonomy":"product_cat","embeddable":true,"href":"https:\/\/btaq.ca\/boutique\/wp-json\/wp\/v2\/product_cat?post=755"},{"taxonomy":"product_tag","embeddable":true,"href":"https:\/\/btaq.ca\/boutique\/wp-json\/wp\/v2\/product_tag?post=755"}],"curies":[{"name":"wp","href":"https:\/\/api.w.org\/{rel}","templated":true}]}}