{"id":628,"date":"2018-03-24T00:39:06","date_gmt":"2018-03-24T04:39:06","guid":{"rendered":"https:\/\/btaq.ca\/boutique\/?post_type=product&#038;p=628"},"modified":"2023-03-23T20:26:20","modified_gmt":"2023-03-24T00:26:20","slug":"matelas-immobilisateur-pediatrique","status":"publish","type":"product","link":"https:\/\/btaq.ca\/boutique\/produit\/matelas-immobilisateur-pediatrique\/","title":{"rendered":"Matelas immobilisateur p\u00e9diatrique"},"content":{"rendered":"<p>Matelas immobilisateur p\u00e9diatrique<\/p>\n<p>Prix jusqu&#8217;\u00e0 \u00e9puisement des stock!!!<\/p>\n<p>Il vous est possible de prendre l&#8217;ensemble complet avec les options; pompe et sac de transport. Vous n&#8217;avez qu&#8217;\u00e0 s\u00e9lectionner ce que vous d\u00e9sirez!<\/p>\n<p>La toute derni\u00e8re technologie dans l&#8217;immobilisation compl\u00e8te de victime polytraumatis\u00e9e p\u00e9diatric. Apportez les m\u00eames soins \u00e0 la client\u00e8le p\u00e9diatrique est maintenant possible!<\/p>\n<p>Au Qu\u00e9bec, tout transport de traumatis\u00e9 par ambulance doit \u00eatre effectu\u00e9 \u00e0 l&#8217;aide d&#8217;un matelas immobilisateur\u00a0 CIR.<\/p>\n<p>Diminution des points de pression, confort, diminution des forces de d\u00e9c\u00e9l\u00e9ration et d&#8217;acc\u00e9l\u00e9ration ainsi que d&#8217;autres avantages rendent le matelas indispensable dans les interventions trauma.<\/p>\n<p>Une plaque plac\u00e9e sous la toile sup\u00e9rieure permet d&#8217;\u00e9viter le ph\u00e9nom\u00e8ne de r\u00e9tractation lors de la mise en d\u00e9pression.<\/p>\n","protected":false},"excerpt":{"rendered":"<p>Matelas immobilisateur p\u00e9diatrique Prix jusqu&#8217;\u00e0 \u00e9puisement des stock!!! Il vous est possible de prendre l&#8217;ensemble complet avec les options; pompe et sac de transport. Vous n&#8217;avez qu&#8217;\u00e0 s\u00e9lectionner ce que vous d\u00e9sirez! La toute derni\u00e8re technologie dans l&#8217;immobilisation compl\u00e8te de victime polytraumatis\u00e9e p\u00e9diatric. Apportez les m\u00eames soins \u00e0 la client\u00e8le p\u00e9diatrique est maintenant possible! Au [&hellip;]<\/p>\n","protected":false},"featured_media":629,"comment_status":"open","ping_status":"closed","template":"","meta":{"jetpack_post_was_ever_published":false,"jetpack_publicize_message":"","jetpack_publicize_feature_enabled":true,"jetpack_social_post_already_shared":true,"jetpack_social_options":{"image_generator_settings":{"template":"highway","default_image_id":0,"font":"","enabled":false},"version":2}},"product_brand":[],"product_cat":[36],"product_tag":[94],"class_list":{"0":"post-628","1":"product","2":"type-product","3":"status-publish","4":"has-post-thumbnail","6":"product_cat-trauma-immobilisation","7":"product_tag-matelas-immobilisateur","9":"first","10":"instock","11":"sale","12":"taxable","13":"shipping-taxable","14":"purchasable","15":"product-type-simple"},"jetpack_publicize_connections":[],"jetpack_sharing_enabled":true,"_links":{"self":[{"href":"https:\/\/btaq.ca\/boutique\/wp-json\/wp\/v2\/product\/628","targetHints":{"allow":["GET"]}}],"collection":[{"href":"https:\/\/btaq.ca\/boutique\/wp-json\/wp\/v2\/product"}],"about":[{"href":"https:\/\/btaq.ca\/boutique\/wp-json\/wp\/v2\/types\/product"}],"replies":[{"embeddable":true,"href":"https:\/\/btaq.ca\/boutique\/wp-json\/wp\/v2\/comments?post=628"}],"wp:featuredmedia":[{"embeddable":true,"href":"https:\/\/btaq.ca\/boutique\/wp-json\/wp\/v2\/media\/629"}],"wp:attachment":[{"href":"https:\/\/btaq.ca\/boutique\/wp-json\/wp\/v2\/media?parent=628"}],"wp:term":[{"taxonomy":"product_brand","embeddable":true,"href":"https:\/\/btaq.ca\/boutique\/wp-json\/wp\/v2\/product_brand?post=628"},{"taxonomy":"product_cat","embeddable":true,"href":"https:\/\/btaq.ca\/boutique\/wp-json\/wp\/v2\/product_cat?post=628"},{"taxonomy":"product_tag","embeddable":true,"href":"https:\/\/btaq.ca\/boutique\/wp-json\/wp\/v2\/product_tag?post=628"}],"curies":[{"name":"wp","href":"https:\/\/api.w.org\/{rel}","templated":true}]}}