{"id":593,"date":"2018-03-23T23:12:54","date_gmt":"2018-03-24T03:12:54","guid":{"rendered":"https:\/\/btaq.ca\/boutique\/?post_type=product&#038;p=593"},"modified":"2025-08-05T13:55:10","modified_gmt":"2025-08-05T17:55:10","slug":"trousse-de-premiers-soins-voiture","status":"publish","type":"product","link":"https:\/\/btaq.ca\/boutique\/produit\/trousse-de-premiers-soins-voiture\/","title":{"rendered":"Trousse de premiers soins &#8211; Voiture"},"content":{"rendered":"<p>Trousse de premiers soins \u00ab Voiture \u00bb en nylon (400 deniers), dimension de: 10&#8243; x 7&#8243; x 3&#8243;.<br \/>\nCette trousse a \u00e9t\u00e9 con\u00e7ue pour faire face aux impr\u00e9vus de la route. Les emballages sont r\u00e9sistants \u00e0 l&#8217;humidit\u00e9.<\/p>\n<p>Soyez pr\u00eat \u00e0 intervenir&#8230;<\/p>\n<p>La trousse respecte le R\u00e8glement sur les normes minimales de premiers secours et de premiers soins pour un v\u00e9hicule.<\/p>\n<p>******* Contenu ********<\/p>\n<p>1 Bandage triangulaire<\/p>\n<p>1 Ciseau \u00e0 bandage<\/p>\n<p>2 Compresse 4&#215;4<\/p>\n<p>1 Compresse froide<\/p>\n<p>1 Couverture de survie<\/p>\n<p>2 Paire de gants Nitrile<\/p>\n<p>1 Enveloppe faceshield<\/p>\n<p>16 Pansements adh\u00e9sif en tissu<\/p>\n<p>2 Pansement compressif 10 cm (4&#8243;)<\/p>\n<p>1 Pince \u00e0 \u00e9charde<\/p>\n<p>1 Rouleau bandage 5 cm (2&#8243;)<\/p>\n<p>1 Rouleau bandage 7.5 cm (3&#8243;)<\/p>\n<p>1 Ruban adh\u00e9sif 2.5 cm (1&#8243;)<\/p>\n<p>6 Lingette benzalkonium<\/p>\n<p>4 Lingettes de nettoyage des mains<\/p>\n<p>2 Onguents antibiotiques<\/p>\n<p>&nbsp;<\/p>\n","protected":false},"excerpt":{"rendered":"<p>Trousse de premiers soins \u00ab Voiture \u00bb en nylon (400 deniers), dimension de: 10&#8243; x 7&#8243; x 3&#8243;. Cette trousse a \u00e9t\u00e9 con\u00e7ue pour faire face aux impr\u00e9vus de la route. Les emballages sont r\u00e9sistants \u00e0 l&#8217;humidit\u00e9. Soyez pr\u00eat \u00e0 intervenir&#8230; La trousse respecte le R\u00e8glement sur les normes minimales de premiers secours et de [&hellip;]<\/p>\n","protected":false},"featured_media":595,"comment_status":"open","ping_status":"closed","template":"","meta":{"jetpack_post_was_ever_published":false,"jetpack_publicize_message":"","jetpack_publicize_feature_enabled":true,"jetpack_social_post_already_shared":true,"jetpack_social_options":{"image_generator_settings":{"template":"highway","default_image_id":0,"font":"","enabled":false},"version":2}},"product_brand":[],"product_cat":[35],"product_tag":[62],"class_list":{"0":"post-593","1":"product","2":"type-product","3":"status-publish","4":"has-post-thumbnail","6":"product_cat-trousses-de-premiers-soins","7":"product_tag-trousse-premiers-soins","9":"first","10":"instock","11":"taxable","12":"shipping-taxable","13":"purchasable","14":"product-type-simple"},"jetpack_publicize_connections":[],"jetpack_sharing_enabled":true,"_links":{"self":[{"href":"https:\/\/btaq.ca\/boutique\/wp-json\/wp\/v2\/product\/593","targetHints":{"allow":["GET"]}}],"collection":[{"href":"https:\/\/btaq.ca\/boutique\/wp-json\/wp\/v2\/product"}],"about":[{"href":"https:\/\/btaq.ca\/boutique\/wp-json\/wp\/v2\/types\/product"}],"replies":[{"embeddable":true,"href":"https:\/\/btaq.ca\/boutique\/wp-json\/wp\/v2\/comments?post=593"}],"wp:featuredmedia":[{"embeddable":true,"href":"https:\/\/btaq.ca\/boutique\/wp-json\/wp\/v2\/media\/595"}],"wp:attachment":[{"href":"https:\/\/btaq.ca\/boutique\/wp-json\/wp\/v2\/media?parent=593"}],"wp:term":[{"taxonomy":"product_brand","embeddable":true,"href":"https:\/\/btaq.ca\/boutique\/wp-json\/wp\/v2\/product_brand?post=593"},{"taxonomy":"product_cat","embeddable":true,"href":"https:\/\/btaq.ca\/boutique\/wp-json\/wp\/v2\/product_cat?post=593"},{"taxonomy":"product_tag","embeddable":true,"href":"https:\/\/btaq.ca\/boutique\/wp-json\/wp\/v2\/product_tag?post=593"}],"curies":[{"name":"wp","href":"https:\/\/api.w.org\/{rel}","templated":true}]}}