{"id":571,"date":"2018-03-23T19:14:58","date_gmt":"2018-03-23T19:14:58","guid":{"rendered":"https:\/\/btaq.ca\/boutique\/?post_type=product&#038;p=571"},"modified":"2021-02-16T17:43:51","modified_gmt":"2021-02-16T21:43:51","slug":"stethoscope-a-tete-double-en-stainless-cardinal-health","status":"publish","type":"product","link":"https:\/\/btaq.ca\/boutique\/produit\/stethoscope-a-tete-double-en-stainless-cardinal-health\/","title":{"rendered":"St\u00e9thoscope \u00e0 t\u00eate double en stainless Cardinal Health"},"content":{"rendered":"<p>St\u00e9thoscope de la s\u00e9rie SMD33 \u00e0 t\u00eate double avec une tubulure \u00e0 parois \u00e9paisse pour \u00e9liminer le bruit ambiant<\/p>\n<ul>\n<li>Tubes auriculaires et pavillon en stainless steel pour une meilleure qualit\u00e9 sonore et une durabilit\u00e9 accrue<\/li>\n<li>Deux embouts auriculaires noirs, doux et durables et une tubulure en Y de 22 po (55,9 cm)<\/li>\n<li>Inclus aussi quatre embouts de remplacement et un diaphragme de rechange<\/li>\n<li>Sans latex ni de phtalate (DEHP)<\/li>\n<\/ul>\n<p>Disponible en noir ou bleu<\/p>\n","protected":false},"excerpt":{"rendered":"<p>St\u00e9thoscope de la s\u00e9rie SMD33 \u00e0 t\u00eate double avec une tubulure \u00e0 parois \u00e9paisse pour \u00e9liminer le bruit ambiant Tubes auriculaires et pavillon en stainless steel pour une meilleure qualit\u00e9 sonore et une durabilit\u00e9 accrue Deux embouts auriculaires noirs, doux et durables et une tubulure en Y de 22 po (55,9 cm) Inclus aussi quatre [&hellip;]<\/p>\n","protected":false},"featured_media":574,"comment_status":"open","ping_status":"closed","template":"","meta":{"jetpack_post_was_ever_published":false,"jetpack_publicize_message":"","jetpack_publicize_feature_enabled":true,"jetpack_social_post_already_shared":true,"jetpack_social_options":{"image_generator_settings":{"template":"highway","default_image_id":0,"font":"","enabled":false},"version":2}},"product_brand":[],"product_cat":[34],"product_tag":[82],"class_list":{"0":"post-571","1":"product","2":"type-product","3":"status-publish","4":"has-post-thumbnail","6":"product_cat-signes-vitaux","7":"product_tag-stehtoscope","9":"first","10":"instock","11":"taxable","12":"shipping-taxable","13":"purchasable","14":"product-type-variable","15":"has-default-attributes"},"jetpack_publicize_connections":[],"jetpack_sharing_enabled":true,"_links":{"self":[{"href":"https:\/\/btaq.ca\/boutique\/wp-json\/wp\/v2\/product\/571","targetHints":{"allow":["GET"]}}],"collection":[{"href":"https:\/\/btaq.ca\/boutique\/wp-json\/wp\/v2\/product"}],"about":[{"href":"https:\/\/btaq.ca\/boutique\/wp-json\/wp\/v2\/types\/product"}],"replies":[{"embeddable":true,"href":"https:\/\/btaq.ca\/boutique\/wp-json\/wp\/v2\/comments?post=571"}],"wp:featuredmedia":[{"embeddable":true,"href":"https:\/\/btaq.ca\/boutique\/wp-json\/wp\/v2\/media\/574"}],"wp:attachment":[{"href":"https:\/\/btaq.ca\/boutique\/wp-json\/wp\/v2\/media?parent=571"}],"wp:term":[{"taxonomy":"product_brand","embeddable":true,"href":"https:\/\/btaq.ca\/boutique\/wp-json\/wp\/v2\/product_brand?post=571"},{"taxonomy":"product_cat","embeddable":true,"href":"https:\/\/btaq.ca\/boutique\/wp-json\/wp\/v2\/product_cat?post=571"},{"taxonomy":"product_tag","embeddable":true,"href":"https:\/\/btaq.ca\/boutique\/wp-json\/wp\/v2\/product_tag?post=571"}],"curies":[{"name":"wp","href":"https:\/\/api.w.org\/{rel}","templated":true}]}}