{"id":567,"date":"2018-03-23T18:09:46","date_gmt":"2018-03-23T22:09:46","guid":{"rendered":"https:\/\/btaq.ca\/boutique\/?post_type=product&#038;p=567"},"modified":"2025-12-16T15:20:20","modified_gmt":"2025-12-16T19:20:20","slug":"bandage-triangulaire","status":"publish","type":"product","link":"https:\/\/btaq.ca\/boutique\/produit\/bandage-triangulaire\/","title":{"rendered":"Bandage triangulaire"},"content":{"rendered":"<p>Bandage triangulaire non st\u00e9rile pour immobiliser et soutenir le bras \u00e0 l&#8217;aide des \u00e9paules et du cou<\/p>\n<ul>\n<li>Non-tiss\u00e9 et \u00e0 usage unique<\/li>\n<li>Inclus deux \u00e9pingles de s\u00fbret\u00e9 pour ajuster ad\u00e9quatement le bandage<\/li>\n<\/ul>\n","protected":false},"excerpt":{"rendered":"<p>Bandage triangulaire non st\u00e9rile pour immobiliser et soutenir le bras \u00e0 l&#8217;aide des \u00e9paules et du cou Non-tiss\u00e9 et \u00e0 usage unique Inclus deux \u00e9pingles de s\u00fbret\u00e9 pour ajuster ad\u00e9quatement le bandage<\/p>\n","protected":false},"featured_media":568,"comment_status":"open","ping_status":"closed","template":"","meta":{"jetpack_post_was_ever_published":false,"jetpack_publicize_message":"","jetpack_publicize_feature_enabled":true,"jetpack_social_post_already_shared":true,"jetpack_social_options":{"image_generator_settings":{"template":"highway","default_image_id":0,"font":"","enabled":false},"version":2}},"product_brand":[],"product_cat":[33],"product_tag":[80,81],"class_list":{"0":"post-567","1":"product","2":"type-product","3":"status-publish","4":"has-post-thumbnail","6":"product_cat-premiers-soins","7":"product_tag-bandage","8":"product_tag-triangulaire","10":"first","11":"instock","12":"taxable","13":"shipping-taxable","14":"purchasable","15":"product-type-simple"},"jetpack_publicize_connections":[],"jetpack_sharing_enabled":true,"_links":{"self":[{"href":"https:\/\/btaq.ca\/boutique\/wp-json\/wp\/v2\/product\/567","targetHints":{"allow":["GET"]}}],"collection":[{"href":"https:\/\/btaq.ca\/boutique\/wp-json\/wp\/v2\/product"}],"about":[{"href":"https:\/\/btaq.ca\/boutique\/wp-json\/wp\/v2\/types\/product"}],"replies":[{"embeddable":true,"href":"https:\/\/btaq.ca\/boutique\/wp-json\/wp\/v2\/comments?post=567"}],"wp:featuredmedia":[{"embeddable":true,"href":"https:\/\/btaq.ca\/boutique\/wp-json\/wp\/v2\/media\/568"}],"wp:attachment":[{"href":"https:\/\/btaq.ca\/boutique\/wp-json\/wp\/v2\/media?parent=567"}],"wp:term":[{"taxonomy":"product_brand","embeddable":true,"href":"https:\/\/btaq.ca\/boutique\/wp-json\/wp\/v2\/product_brand?post=567"},{"taxonomy":"product_cat","embeddable":true,"href":"https:\/\/btaq.ca\/boutique\/wp-json\/wp\/v2\/product_cat?post=567"},{"taxonomy":"product_tag","embeddable":true,"href":"https:\/\/btaq.ca\/boutique\/wp-json\/wp\/v2\/product_tag?post=567"}],"curies":[{"name":"wp","href":"https:\/\/api.w.org\/{rel}","templated":true}]}}