{"id":538,"date":"2018-03-16T19:34:49","date_gmt":"2018-03-16T19:34:49","guid":{"rendered":"https:\/\/btaq.ca\/boutique\/?post_type=product&#038;p=538"},"modified":"2023-01-26T15:09:07","modified_gmt":"2023-01-26T19:09:07","slug":"sac-pour-vomissures","status":"publish","type":"product","link":"https:\/\/btaq.ca\/boutique\/produit\/sac-pour-vomissures\/","title":{"rendered":"Sac pour vomissures"},"content":{"rendered":"<p>Sac pour vomissures, ou de convenance, avec protection suppl\u00e9mentaire pour les mains. Facile d&#8217;utilisation (m\u00eame pour un enfant) et r\u00e9sistant, se referme et se scelle facilement.<br \/>\nLe meilleur!!<\/p>\n<p>De qualit\u00e9 professionnelle pour les intervenants en sant\u00e9.<\/p>\n<p>Paquet de 24<\/p>\n","protected":false},"excerpt":{"rendered":"<p>Sac pour vomissures, ou de convenance, avec protection suppl\u00e9mentaire pour les mains. Facile d&#8217;utilisation (m\u00eame pour un enfant) et r\u00e9sistant, se referme et se scelle facilement. Le meilleur!! De qualit\u00e9 professionnelle pour les intervenants en sant\u00e9. Paquet de 24<\/p>\n","protected":false},"featured_media":539,"comment_status":"open","ping_status":"closed","template":"","meta":{"jetpack_post_was_ever_published":false,"jetpack_publicize_message":"","jetpack_publicize_feature_enabled":true,"jetpack_social_post_already_shared":true,"jetpack_social_options":{"image_generator_settings":{"template":"highway","default_image_id":0,"font":"","enabled":false},"version":2}},"product_brand":[],"product_cat":[33],"product_tag":[79],"class_list":{"0":"post-538","1":"product","2":"type-product","3":"status-publish","4":"has-post-thumbnail","6":"product_cat-premiers-soins","7":"product_tag-sac-vaumissures","9":"first","10":"instock","11":"taxable","12":"shipping-taxable","13":"purchasable","14":"product-type-simple"},"jetpack_publicize_connections":[],"jetpack_sharing_enabled":true,"_links":{"self":[{"href":"https:\/\/btaq.ca\/boutique\/wp-json\/wp\/v2\/product\/538","targetHints":{"allow":["GET"]}}],"collection":[{"href":"https:\/\/btaq.ca\/boutique\/wp-json\/wp\/v2\/product"}],"about":[{"href":"https:\/\/btaq.ca\/boutique\/wp-json\/wp\/v2\/types\/product"}],"replies":[{"embeddable":true,"href":"https:\/\/btaq.ca\/boutique\/wp-json\/wp\/v2\/comments?post=538"}],"wp:featuredmedia":[{"embeddable":true,"href":"https:\/\/btaq.ca\/boutique\/wp-json\/wp\/v2\/media\/539"}],"wp:attachment":[{"href":"https:\/\/btaq.ca\/boutique\/wp-json\/wp\/v2\/media?parent=538"}],"wp:term":[{"taxonomy":"product_brand","embeddable":true,"href":"https:\/\/btaq.ca\/boutique\/wp-json\/wp\/v2\/product_brand?post=538"},{"taxonomy":"product_cat","embeddable":true,"href":"https:\/\/btaq.ca\/boutique\/wp-json\/wp\/v2\/product_cat?post=538"},{"taxonomy":"product_tag","embeddable":true,"href":"https:\/\/btaq.ca\/boutique\/wp-json\/wp\/v2\/product_tag?post=538"}],"curies":[{"name":"wp","href":"https:\/\/api.w.org\/{rel}","templated":true}]}}