{"id":508,"date":"2018-03-16T17:48:36","date_gmt":"2018-03-16T17:48:36","guid":{"rendered":"https:\/\/btaq.ca\/boutique\/?post_type=product&#038;p=508"},"modified":"2024-03-26T09:40:51","modified_gmt":"2024-03-26T13:40:51","slug":"masque-nebuliseur-airlife","status":"publish","type":"product","link":"https:\/\/btaq.ca\/boutique\/produit\/masque-nebuliseur-airlife\/","title":{"rendered":"Masque n\u00e9buliseur AirLife"},"content":{"rendered":"<p>Masque N\u00e9buliseur adulte \u00e0 usage unique est facile \u00e0 utiliser et permet d\u2019administrer les traitements de fa\u00e7on tr\u00e8s rapide. Le masque n\u00e9buliseur est excellent pour les patients atteints d\u2019asthme.Le n\u00e9buliseur est destin\u00e9 \u00e0 \u00eatre utilis\u00e9 par un seul patient, disponible caisse de 50 ou \u00e0 l&#8217;unit\u00e9<\/p>\n","protected":false},"excerpt":{"rendered":"<p>Masque N\u00e9buliseur adulte \u00e0 usage unique est facile \u00e0 utiliser et permet d\u2019administrer les traitements de fa\u00e7on tr\u00e8s rapide. Le masque n\u00e9buliseur est excellent pour les patients atteints d\u2019asthme.Le n\u00e9buliseur est destin\u00e9 \u00e0 \u00eatre utilis\u00e9 par un seul patient, disponible caisse de 50 ou \u00e0 l&#8217;unit\u00e9<\/p>\n","protected":false},"featured_media":512,"comment_status":"open","ping_status":"closed","template":"","meta":{"jetpack_post_was_ever_published":false,"jetpack_publicize_message":"","jetpack_publicize_feature_enabled":true,"jetpack_social_post_already_shared":true,"jetpack_social_options":{"image_generator_settings":{"template":"highway","default_image_id":0,"font":"","enabled":false},"version":2}},"product_brand":[],"product_cat":[32],"product_tag":[73],"class_list":{"0":"post-508","1":"product","2":"type-product","3":"status-publish","4":"has-post-thumbnail","6":"product_cat-oxygenotherapie","7":"product_tag-masque-nebuliseur","9":"first","10":"instock","11":"taxable","12":"shipping-taxable","13":"purchasable","14":"product-type-simple"},"jetpack_publicize_connections":[],"jetpack_sharing_enabled":true,"_links":{"self":[{"href":"https:\/\/btaq.ca\/boutique\/wp-json\/wp\/v2\/product\/508","targetHints":{"allow":["GET"]}}],"collection":[{"href":"https:\/\/btaq.ca\/boutique\/wp-json\/wp\/v2\/product"}],"about":[{"href":"https:\/\/btaq.ca\/boutique\/wp-json\/wp\/v2\/types\/product"}],"replies":[{"embeddable":true,"href":"https:\/\/btaq.ca\/boutique\/wp-json\/wp\/v2\/comments?post=508"}],"wp:featuredmedia":[{"embeddable":true,"href":"https:\/\/btaq.ca\/boutique\/wp-json\/wp\/v2\/media\/512"}],"wp:attachment":[{"href":"https:\/\/btaq.ca\/boutique\/wp-json\/wp\/v2\/media?parent=508"}],"wp:term":[{"taxonomy":"product_brand","embeddable":true,"href":"https:\/\/btaq.ca\/boutique\/wp-json\/wp\/v2\/product_brand?post=508"},{"taxonomy":"product_cat","embeddable":true,"href":"https:\/\/btaq.ca\/boutique\/wp-json\/wp\/v2\/product_cat?post=508"},{"taxonomy":"product_tag","embeddable":true,"href":"https:\/\/btaq.ca\/boutique\/wp-json\/wp\/v2\/product_tag?post=508"}],"curies":[{"name":"wp","href":"https:\/\/api.w.org\/{rel}","templated":true}]}}