{"id":502,"date":"2018-03-16T17:40:27","date_gmt":"2018-03-16T17:40:27","guid":{"rendered":"https:\/\/btaq.ca\/boutique\/?post_type=product&#038;p=502"},"modified":"2021-02-17T17:51:17","modified_gmt":"2021-02-17T21:51:17","slug":"masque-a-oxygene-100-airlife","status":"publish","type":"product","link":"https:\/\/btaq.ca\/boutique\/produit\/masque-a-oxygene-100-airlife\/","title":{"rendered":"Masque \u00e0 oxyg\u00e8ne 100% AirLife"},"content":{"rendered":"<p>Masque \u00e0 oxyg\u00e8ne haute concentration , avec tubulure \u00e0 oxyg\u00e8ne de 7 pi (2,1 m) r\u00e9sistant \u00e0 l&#8217;\u00e9crasement<\/p>\n<ul>\n<li>Pr\u00eat \u00e0 l&#8217;emploi, pour usage sur un patient unique et sans latex<\/li>\n<\/ul>\n<p>&nbsp;<\/p>\n","protected":false},"excerpt":{"rendered":"<p>Masque \u00e0 oxyg\u00e8ne haute concentration , avec tubulure \u00e0 oxyg\u00e8ne de 7 pi (2,1 m) r\u00e9sistant \u00e0 l&#8217;\u00e9crasement Pr\u00eat \u00e0 l&#8217;emploi, pour usage sur un patient unique et sans latex &nbsp;<\/p>\n","protected":false},"featured_media":505,"comment_status":"open","ping_status":"closed","template":"","meta":{"jetpack_post_was_ever_published":false,"jetpack_publicize_message":"","jetpack_publicize_feature_enabled":true,"jetpack_social_post_already_shared":true,"jetpack_social_options":{"image_generator_settings":{"template":"highway","default_image_id":0,"font":"","enabled":false},"version":2}},"product_brand":[],"product_cat":[32],"product_tag":[72],"class_list":{"0":"post-502","1":"product","2":"type-product","3":"status-publish","4":"has-post-thumbnail","6":"product_cat-oxygenotherapie","7":"product_tag-masque-oxygene","9":"first","10":"instock","11":"taxable","12":"shipping-taxable","13":"purchasable","14":"product-type-simple"},"jetpack_publicize_connections":[],"jetpack_sharing_enabled":true,"_links":{"self":[{"href":"https:\/\/btaq.ca\/boutique\/wp-json\/wp\/v2\/product\/502","targetHints":{"allow":["GET"]}}],"collection":[{"href":"https:\/\/btaq.ca\/boutique\/wp-json\/wp\/v2\/product"}],"about":[{"href":"https:\/\/btaq.ca\/boutique\/wp-json\/wp\/v2\/types\/product"}],"replies":[{"embeddable":true,"href":"https:\/\/btaq.ca\/boutique\/wp-json\/wp\/v2\/comments?post=502"}],"wp:featuredmedia":[{"embeddable":true,"href":"https:\/\/btaq.ca\/boutique\/wp-json\/wp\/v2\/media\/505"}],"wp:attachment":[{"href":"https:\/\/btaq.ca\/boutique\/wp-json\/wp\/v2\/media?parent=502"}],"wp:term":[{"taxonomy":"product_brand","embeddable":true,"href":"https:\/\/btaq.ca\/boutique\/wp-json\/wp\/v2\/product_brand?post=502"},{"taxonomy":"product_cat","embeddable":true,"href":"https:\/\/btaq.ca\/boutique\/wp-json\/wp\/v2\/product_cat?post=502"},{"taxonomy":"product_tag","embeddable":true,"href":"https:\/\/btaq.ca\/boutique\/wp-json\/wp\/v2\/product_tag?post=502"}],"curies":[{"name":"wp","href":"https:\/\/api.w.org\/{rel}","templated":true}]}}