{"id":479,"date":"2018-03-16T12:26:51","date_gmt":"2018-03-16T16:26:51","guid":{"rendered":"https:\/\/btaq.ca\/boutique\/?post_type=product&#038;p=479"},"modified":"2025-05-01T19:03:58","modified_gmt":"2025-05-01T23:03:58","slug":"poincon-a-vitre-dauto","status":"publish","type":"product","link":"https:\/\/btaq.ca\/boutique\/produit\/poincon-a-vitre-dauto\/","title":{"rendered":"Poin\u00e7on \u00e0 vitre d&#8217;auto"},"content":{"rendered":"<p>Poin\u00e7on \u00e0 vitre d&#8217;auto. Outil pour fracasser une vitre d&#8217;auto de fa\u00e7on s\u00e9curitaire en situation d&#8217;urgence.<\/p>\n<p>Un outil indispensable<\/p>\n","protected":false},"excerpt":{"rendered":"<p>Poin\u00e7on \u00e0 vitre d&#8217;auto. Outil pour fracasser une vitre d&#8217;auto de fa\u00e7on s\u00e9curitaire en situation d&#8217;urgence. Un outil indispensable<\/p>\n","protected":false},"featured_media":481,"comment_status":"open","ping_status":"closed","template":"","meta":{"jetpack_post_was_ever_published":false,"jetpack_publicize_message":"","jetpack_publicize_feature_enabled":true,"jetpack_social_post_already_shared":true,"jetpack_social_options":{"image_generator_settings":{"template":"highway","default_image_id":0,"font":"","enabled":false},"version":2}},"product_brand":[],"product_cat":[31],"product_tag":[66],"class_list":{"0":"post-479","1":"product","2":"type-product","3":"status-publish","4":"has-post-thumbnail","6":"product_cat-outils","7":"product_tag-poincon-vitre-dauto","9":"first","10":"onbackorder","11":"taxable","12":"shipping-taxable","13":"purchasable","14":"product-type-simple"},"jetpack_publicize_connections":[],"jetpack_sharing_enabled":true,"_links":{"self":[{"href":"https:\/\/btaq.ca\/boutique\/wp-json\/wp\/v2\/product\/479","targetHints":{"allow":["GET"]}}],"collection":[{"href":"https:\/\/btaq.ca\/boutique\/wp-json\/wp\/v2\/product"}],"about":[{"href":"https:\/\/btaq.ca\/boutique\/wp-json\/wp\/v2\/types\/product"}],"replies":[{"embeddable":true,"href":"https:\/\/btaq.ca\/boutique\/wp-json\/wp\/v2\/comments?post=479"}],"wp:featuredmedia":[{"embeddable":true,"href":"https:\/\/btaq.ca\/boutique\/wp-json\/wp\/v2\/media\/481"}],"wp:attachment":[{"href":"https:\/\/btaq.ca\/boutique\/wp-json\/wp\/v2\/media?parent=479"}],"wp:term":[{"taxonomy":"product_brand","embeddable":true,"href":"https:\/\/btaq.ca\/boutique\/wp-json\/wp\/v2\/product_brand?post=479"},{"taxonomy":"product_cat","embeddable":true,"href":"https:\/\/btaq.ca\/boutique\/wp-json\/wp\/v2\/product_cat?post=479"},{"taxonomy":"product_tag","embeddable":true,"href":"https:\/\/btaq.ca\/boutique\/wp-json\/wp\/v2\/product_tag?post=479"}],"curies":[{"name":"wp","href":"https:\/\/api.w.org\/{rel}","templated":true}]}}