{"id":474,"date":"2018-03-16T16:02:16","date_gmt":"2018-03-16T20:02:16","guid":{"rendered":"https:\/\/btaq.ca\/boutique\/?post_type=product&#038;p=474"},"modified":"2021-02-17T17:59:54","modified_gmt":"2021-02-17T21:59:54","slug":"languette-a-echarde","status":"publish","type":"product","link":"https:\/\/btaq.ca\/boutique\/produit\/languette-a-echarde\/","title":{"rendered":"Languette \u00e0 \u00e9charde"},"content":{"rendered":"<p>Petite languette de m\u00e9tal mesurant 5.3 cm (2&#8243;), servant \u00e0 d\u00e9loger un petit corps \u00e9tranger (\u00e9charde&#8230;) pointu sous la peau.<\/p>\n<p>Utilisation de la languette \u00e0 \u00e9charde:<\/p>\n<p>Lavez la r\u00e9gion de l&#8217;\u00e9charde avec de l&#8217;eau et du savon. D\u00e9sinfectez avec de l&#8217;alcool et laissez s\u00e9cher.<br \/>\nOuvrir d\u00e9licatement l&#8217;enveloppe st\u00e9rile, sans toucherau bout pointu de la languette. Apr\u00e8s avoir enlever l&#8217;\u00e9charde, faire un pansement sur la plaie et garder propre jusqu&#8217;\u00e0 cicatrisation.<br \/>\nLa languette est \u00e0 usage unique, jeter apr\u00e8s l&#8217;utilisation.<\/p>\n<p>Boite de 20.<br \/>\nA essayer&#8230;sans faute&#8230;<\/p>\n","protected":false},"excerpt":{"rendered":"<p>Petite languette de m\u00e9tal mesurant 5.3 cm (2&#8243;), servant \u00e0 d\u00e9loger un petit corps \u00e9tranger (\u00e9charde&#8230;) pointu sous la peau. Utilisation de la languette \u00e0 \u00e9charde: Lavez la r\u00e9gion de l&#8217;\u00e9charde avec de l&#8217;eau et du savon. D\u00e9sinfectez avec de l&#8217;alcool et laissez s\u00e9cher. Ouvrir d\u00e9licatement l&#8217;enveloppe st\u00e9rile, sans toucherau bout pointu de la languette. [&hellip;]<\/p>\n","protected":false},"featured_media":476,"comment_status":"open","ping_status":"closed","template":"","meta":{"jetpack_post_was_ever_published":false,"jetpack_publicize_message":"","jetpack_publicize_feature_enabled":true,"jetpack_social_post_already_shared":true,"jetpack_social_options":{"image_generator_settings":{"template":"highway","default_image_id":0,"font":"","enabled":false},"version":2}},"product_brand":[],"product_cat":[31],"product_tag":[],"class_list":{"0":"post-474","1":"product","2":"type-product","3":"status-publish","4":"has-post-thumbnail","6":"product_cat-outils","8":"first","9":"instock","10":"taxable","11":"shipping-taxable","12":"purchasable","13":"product-type-simple"},"jetpack_publicize_connections":[],"jetpack_sharing_enabled":true,"_links":{"self":[{"href":"https:\/\/btaq.ca\/boutique\/wp-json\/wp\/v2\/product\/474","targetHints":{"allow":["GET"]}}],"collection":[{"href":"https:\/\/btaq.ca\/boutique\/wp-json\/wp\/v2\/product"}],"about":[{"href":"https:\/\/btaq.ca\/boutique\/wp-json\/wp\/v2\/types\/product"}],"replies":[{"embeddable":true,"href":"https:\/\/btaq.ca\/boutique\/wp-json\/wp\/v2\/comments?post=474"}],"wp:featuredmedia":[{"embeddable":true,"href":"https:\/\/btaq.ca\/boutique\/wp-json\/wp\/v2\/media\/476"}],"wp:attachment":[{"href":"https:\/\/btaq.ca\/boutique\/wp-json\/wp\/v2\/media?parent=474"}],"wp:term":[{"taxonomy":"product_brand","embeddable":true,"href":"https:\/\/btaq.ca\/boutique\/wp-json\/wp\/v2\/product_brand?post=474"},{"taxonomy":"product_cat","embeddable":true,"href":"https:\/\/btaq.ca\/boutique\/wp-json\/wp\/v2\/product_cat?post=474"},{"taxonomy":"product_tag","embeddable":true,"href":"https:\/\/btaq.ca\/boutique\/wp-json\/wp\/v2\/product_tag?post=474"}],"curies":[{"name":"wp","href":"https:\/\/api.w.org\/{rel}","templated":true}]}}