{"id":430,"date":"2018-03-16T01:01:37","date_gmt":"2018-03-16T05:01:37","guid":{"rendered":"https:\/\/btaq.ca\/boutique\/?post_type=product&#038;p=430"},"modified":"2022-09-28T15:44:56","modified_gmt":"2022-09-28T19:44:56","slug":"trousse-milieu-de-travail-csst","status":"publish","type":"product","link":"https:\/\/btaq.ca\/boutique\/produit\/trousse-milieu-de-travail-csst\/","title":{"rendered":"Trousse Personnelle (travail isol\u00e9 ou v\u00e9hicule de transport) en tissu"},"content":{"rendered":"<p>Cette trousse est\u00a0conforme \u00e0 la norme <span style=\"color: #0000ff\"><a style=\"color: #0000ff\" title=\"CNESST\" href=\"https:\/\/www.cnesst.gouv.qc.ca\/fr\/secourisme\/materiel-premiers-secours\" target=\"_blank\" rel=\"noopener\">CNESST (2021)<\/a> <\/span>et CAN\/CSA Z1220-17 et est destin\u00e9e aux travailleurs qui effectuent un\u00a0<span style=\"color: #0000ff\"><a style=\"color: #0000ff\" href=\"https:\/\/www.cnesst.gouv.qc.ca\/fr\/prevention-securite\/identifier-corriger-risques\/liste-informations-prevention\/travailler-seul-en-milieu-isole\">travail isol\u00e9<\/a><\/span>\u00a0et qui n\u2019ont pas acc\u00e8s \u00e0 une trousse de premiers secours. Cette trousse peut aussi \u00eatre utilis\u00e9e dans les v\u00e9hicules qui font le transport de moins de 5 travailleurs, par exemple des travailleurs municipaux qui utilisent un v\u00e9hicule de la ville pour effectuer un travail dans un parc municipal o\u00f9 il n\u2019y a pas de trousse.<\/p>\n<p>C\u2019est aussi le type de trousse \u00e0 utiliser dans un v\u00e9hicule qui transporte plus de 5 travailleurs, mais qui sont \u00e0 moins de 30 minutes d\u2019un service m\u00e9dical. Si un v\u00e9hicule transporte plus de 5 travailleurs qui se trouvent \u00e0 plus de 30 minutes d\u2019un service m\u00e9dical, c&#8217;est la trousse de base qui doit \u00eatre utilis\u00e9e.<\/p>\n<p>&#8211; 16\u00a0Bandages adh\u00e9sifs, st\u00e9riles, de tailles assorties<br \/>\n&#8211;\u00a01\u00a0Bandage \u00e9lastique (gaze extensible) , longueur non \u00e9tir\u00e9e, emball\u00e9 individuellement, 5,1\u00a0cm x 1,8\u00a0m (2\u00a0po \u00d7 2\u00a0verges)<br \/>\n&#8211; 6\u00a0Compresses de gaze st\u00e9riles, emball\u00e9es individuellement, 7,6\u00a0cm \u00d7 7,6\u00a0cm (3\u00a0po \u00d7 3\u00a0po)<br \/>\n&#8211; 2\u00a0Pansements compressifs,st\u00e9riles, avec attaches, 10,2\u00a0cm \u00d7 10,2\u00a0cm (4\u00a0po x 4\u00a0po)<br \/>\n&#8211; 1\u00a0\u00c9charpe triangulaire, coton, avec 2 \u00e9pingles de s\u00e9curit\u00e9,\u00a0101,6\u00a0cm X 101,6\u00a0cm X 142,2\u00a0cm (40\u00a0po x 40\u00a0po x 56\u00a0po)<br \/>\n&#8211; 6\u00a0Lingettes de nettoyage des plaies, antiseptiques, emball\u00e9es individuellement<br \/>\n&#8211; 1\u00a0Pince \u00e0 \u00e9charde,\u00a0pointe fine, acier inoxydable, 11,4\u00a0cm (4,5\u00a0po)<br \/>\n&#8211; 1\u00a0Ruban adh\u00e9sif\u00a0(diachylon), 2,5 cm x 2,3 m (1 po x 7.5 pi), hypoallerg\u00e9nique<br \/>\n&#8211; 2 Paires de\u00a0gants d\u2019examen, de qualit\u00e9 m\u00e9dicale, taille unique, sans latex, sans poudre (nitrile)<br \/>\n&#8211; 4\u00a0Lingettes de nettoyage des mains et de la peau, emball\u00e9es individuellement<br \/>\n&#8211; 2\u00a0Onguents antibiotiques, topiques, \u00e0 usage unique (sachets 0,9g)<br \/>\n&#8211; 1\u00a0Sac pour recueil de d\u00e9chets biom\u00e9dicaux, \u00e0 usage unique<br \/>\n&#8211; 1 Trousse en tissu<br \/>\n&#8211; 1 Liste du contenu de la trousse<\/p>\n","protected":false},"excerpt":{"rendered":"<p>Cette trousse est\u00a0conforme \u00e0 la norme CNESST (2021) et CAN\/CSA Z1220-17 et est destin\u00e9e aux travailleurs qui effectuent un\u00a0travail isol\u00e9\u00a0et qui n\u2019ont pas acc\u00e8s \u00e0 une trousse de premiers secours. Cette trousse peut aussi \u00eatre utilis\u00e9e dans les v\u00e9hicules qui font le transport de moins de 5 travailleurs, par exemple des travailleurs municipaux qui utilisent [&hellip;]<\/p>\n","protected":false},"featured_media":0,"comment_status":"open","ping_status":"closed","template":"","meta":{"jetpack_post_was_ever_published":false,"jetpack_publicize_message":"","jetpack_publicize_feature_enabled":true,"jetpack_social_post_already_shared":true,"jetpack_social_options":{"image_generator_settings":{"template":"highway","default_image_id":0,"font":"","enabled":false},"version":2}},"product_brand":[],"product_cat":[35],"product_tag":[111,110,83],"class_list":{"0":"post-430","1":"product","2":"type-product","3":"status-publish","5":"product_cat-trousses-de-premiers-soins","6":"product_tag-csst","7":"product_tag-premiers-soins","8":"product_tag-trousse","10":"first","11":"outofstock","12":"taxable","13":"shipping-taxable","14":"product-type-variable"},"jetpack_publicize_connections":[],"jetpack_sharing_enabled":true,"_links":{"self":[{"href":"https:\/\/btaq.ca\/boutique\/wp-json\/wp\/v2\/product\/430","targetHints":{"allow":["GET"]}}],"collection":[{"href":"https:\/\/btaq.ca\/boutique\/wp-json\/wp\/v2\/product"}],"about":[{"href":"https:\/\/btaq.ca\/boutique\/wp-json\/wp\/v2\/types\/product"}],"replies":[{"embeddable":true,"href":"https:\/\/btaq.ca\/boutique\/wp-json\/wp\/v2\/comments?post=430"}],"wp:attachment":[{"href":"https:\/\/btaq.ca\/boutique\/wp-json\/wp\/v2\/media?parent=430"}],"wp:term":[{"taxonomy":"product_brand","embeddable":true,"href":"https:\/\/btaq.ca\/boutique\/wp-json\/wp\/v2\/product_brand?post=430"},{"taxonomy":"product_cat","embeddable":true,"href":"https:\/\/btaq.ca\/boutique\/wp-json\/wp\/v2\/product_cat?post=430"},{"taxonomy":"product_tag","embeddable":true,"href":"https:\/\/btaq.ca\/boutique\/wp-json\/wp\/v2\/product_tag?post=430"}],"curies":[{"name":"wp","href":"https:\/\/api.w.org\/{rel}","templated":true}]}}