{"id":315,"date":"2018-03-10T02:21:38","date_gmt":"2018-03-10T06:21:38","guid":{"rendered":"https:\/\/btaq.ca\/boutique\/?post_type=product&#038;p=315"},"modified":"2022-11-28T15:10:51","modified_gmt":"2022-11-28T19:10:51","slug":"stethoscope-classique-iii-littmann-3m","status":"publish","type":"product","link":"https:\/\/btaq.ca\/boutique\/produit\/stethoscope-classique-iii-littmann-3m\/","title":{"rendered":"St\u00e9thoscope classique III Littmann 3M"},"content":{"rendered":"<div>SUR COMMANDE SEULEMENT<\/div>\n<div class=\"descriptionBlock\">Le\u00a0St\u00e9thoscope classique\u00a0III(MC) Littmann\u00ae 3M(MC) offre une grande sensibilit\u00e9 acoustique pour un rendement exceptionnel pendant les examens physiques g\u00e9n\u00e9raux. Il comprend\u00a0deux membranes r\u00e9glables et une conception mise \u00e0 jour plus facile \u00e0 nettoyer et \u00e0 entretenir.<\/div>\n<div class=\"descriptionBlock\"><\/div>\n<ul>\n<li>Pavillon \u00e0 double face avec membranes r\u00e9glables sur le c\u00f4t\u00e9 adulte et le c\u00f4t\u00e9 p\u00e9diatrique<\/li>\n<li>La membrane r\u00e9glable monopi\u00e8ce est facile \u00e0 installer et encore plus facile \u00e0 nettoyer gr\u00e2ce \u00e0 sa surface lisse sans interstices<\/li>\n<li>Le c\u00f4t\u00e9 pour les patients p\u00e9diatriques en cloche ouverte traditionnelle en rempla\u00e7ant la membrane monopi\u00e8ce par un rebord antifrissons<\/li>\n<li>La tubulure de nouvelle g\u00e9n\u00e9ration prolonge la dur\u00e9e utile du st\u00e9thoscope gr\u00e2ce \u00e0 une r\u00e9sistance accrue aux huiles cutan\u00e9es et \u00e0 l\u2019alcool, et elle est moins sujette aux taches<\/li>\n<li>La petite membrane r\u00e9glable est pratique pour les patients p\u00e9diatriques, les petits patients ou ceux qui sont minces; elle est \u00e9galement pratique en p\u00e9riph\u00e9rie des bandages ainsi que pour les \u00e9valuations de la carotide<\/li>\n<li>Pavillon en acier inoxydable usin\u00e9 avec pr\u00e9cision en une forme esth\u00e9tique moins angulaire; le corps comporte un indicateur de cloche ouverte<\/li>\n<li>La surface des embouts auriculaires \u00e0 fixation instantan\u00e9e est douce et lisse, ce qui procure un ajustement et une \u00e9tanch\u00e9it\u00e9 acoustique confortables<\/li>\n<li>Exempt de latex de caoutchouc naturel et de plastifiants \u00e0 base de phthalate<\/li>\n<li>Garantie de cinq ans<\/li>\n<\/ul>\n","protected":false},"excerpt":{"rendered":"<p>SUR COMMANDE SEULEMENT Le\u00a0St\u00e9thoscope classique\u00a0III(MC) Littmann\u00ae 3M(MC) offre une grande sensibilit\u00e9 acoustique pour un rendement exceptionnel pendant les examens physiques g\u00e9n\u00e9raux. Il comprend\u00a0deux membranes r\u00e9glables et une conception mise \u00e0 jour plus facile \u00e0 nettoyer et \u00e0 entretenir. Pavillon \u00e0 double face avec membranes r\u00e9glables sur le c\u00f4t\u00e9 adulte et le c\u00f4t\u00e9 p\u00e9diatrique La membrane [&hellip;]<\/p>\n","protected":false},"featured_media":389,"comment_status":"open","ping_status":"closed","template":"","meta":{"jetpack_post_was_ever_published":false,"jetpack_publicize_message":"","jetpack_publicize_feature_enabled":true,"jetpack_social_post_already_shared":true,"jetpack_social_options":{"image_generator_settings":{"template":"highway","default_image_id":0,"font":"","enabled":false},"version":2}},"product_brand":[],"product_cat":[34],"product_tag":[59],"class_list":{"0":"post-315","1":"product","2":"type-product","3":"status-publish","4":"has-post-thumbnail","6":"product_cat-signes-vitaux","7":"product_tag-stethoscope","9":"first","10":"onbackorder","11":"taxable","12":"shipping-taxable","13":"purchasable","14":"product-type-simple"},"jetpack_publicize_connections":[],"jetpack_sharing_enabled":true,"_links":{"self":[{"href":"https:\/\/btaq.ca\/boutique\/wp-json\/wp\/v2\/product\/315","targetHints":{"allow":["GET"]}}],"collection":[{"href":"https:\/\/btaq.ca\/boutique\/wp-json\/wp\/v2\/product"}],"about":[{"href":"https:\/\/btaq.ca\/boutique\/wp-json\/wp\/v2\/types\/product"}],"replies":[{"embeddable":true,"href":"https:\/\/btaq.ca\/boutique\/wp-json\/wp\/v2\/comments?post=315"}],"wp:featuredmedia":[{"embeddable":true,"href":"https:\/\/btaq.ca\/boutique\/wp-json\/wp\/v2\/media\/389"}],"wp:attachment":[{"href":"https:\/\/btaq.ca\/boutique\/wp-json\/wp\/v2\/media?parent=315"}],"wp:term":[{"taxonomy":"product_brand","embeddable":true,"href":"https:\/\/btaq.ca\/boutique\/wp-json\/wp\/v2\/product_brand?post=315"},{"taxonomy":"product_cat","embeddable":true,"href":"https:\/\/btaq.ca\/boutique\/wp-json\/wp\/v2\/product_cat?post=315"},{"taxonomy":"product_tag","embeddable":true,"href":"https:\/\/btaq.ca\/boutique\/wp-json\/wp\/v2\/product_tag?post=315"}],"curies":[{"name":"wp","href":"https:\/\/api.w.org\/{rel}","templated":true}]}}