{"id":252,"date":"2018-03-09T20:52:04","date_gmt":"2018-03-10T00:52:04","guid":{"rendered":"https:\/\/btaq.ca\/boutique\/?post_type=product&#038;p=252"},"modified":"2025-12-16T12:34:09","modified_gmt":"2025-12-16T16:34:09","slug":"couverture-de-survie","status":"publish","type":"product","link":"https:\/\/btaq.ca\/boutique\/produit\/couverture-de-survie\/","title":{"rendered":"Couverture de survie"},"content":{"rendered":"<p>Couverture d&#8217;urgence mesurant 160 X 210 cm. Elle prot\u00e8ge du froid et de la chaleur gr\u00e2ce \u00e0 ses 2 c\u00f4t\u00e9s diff\u00e9rents. Le c\u00f4t\u00e9 argent vous prot\u00e9gera du froid et le c\u00f4t\u00e9 or vous prot\u00e9gera de la chaleur. A glisser dans votre trousse, coffre \u00e0 gants ou \u00e0 la maison.<\/p>\n","protected":false},"excerpt":{"rendered":"<p>Couverture d&#8217;urgence mesurant 160 X 210 cm. Elle prot\u00e8ge du froid et de la chaleur gr\u00e2ce \u00e0 ses 2 c\u00f4t\u00e9s diff\u00e9rents. Le c\u00f4t\u00e9 argent vous prot\u00e9gera du froid et le c\u00f4t\u00e9 or vous prot\u00e9gera de la chaleur. A glisser dans votre trousse, coffre \u00e0 gants ou \u00e0 la maison.<\/p>\n","protected":false},"featured_media":253,"comment_status":"open","ping_status":"closed","template":"","meta":{"jetpack_post_was_ever_published":false,"jetpack_publicize_message":"","jetpack_publicize_feature_enabled":true,"jetpack_social_post_already_shared":true,"jetpack_social_options":{"image_generator_settings":{"template":"highway","default_image_id":0,"font":"","enabled":false},"version":2}},"product_brand":[],"product_cat":[25],"product_tag":[56,57],"class_list":{"0":"post-252","1":"product","2":"type-product","3":"status-publish","4":"has-post-thumbnail","6":"product_cat-couvertures","7":"product_tag-couverture","8":"product_tag-survie","10":"first","11":"instock","12":"taxable","13":"shipping-taxable","14":"purchasable","15":"product-type-simple"},"jetpack_publicize_connections":[],"jetpack_sharing_enabled":true,"_links":{"self":[{"href":"https:\/\/btaq.ca\/boutique\/wp-json\/wp\/v2\/product\/252","targetHints":{"allow":["GET"]}}],"collection":[{"href":"https:\/\/btaq.ca\/boutique\/wp-json\/wp\/v2\/product"}],"about":[{"href":"https:\/\/btaq.ca\/boutique\/wp-json\/wp\/v2\/types\/product"}],"replies":[{"embeddable":true,"href":"https:\/\/btaq.ca\/boutique\/wp-json\/wp\/v2\/comments?post=252"}],"wp:featuredmedia":[{"embeddable":true,"href":"https:\/\/btaq.ca\/boutique\/wp-json\/wp\/v2\/media\/253"}],"wp:attachment":[{"href":"https:\/\/btaq.ca\/boutique\/wp-json\/wp\/v2\/media?parent=252"}],"wp:term":[{"taxonomy":"product_brand","embeddable":true,"href":"https:\/\/btaq.ca\/boutique\/wp-json\/wp\/v2\/product_brand?post=252"},{"taxonomy":"product_cat","embeddable":true,"href":"https:\/\/btaq.ca\/boutique\/wp-json\/wp\/v2\/product_cat?post=252"},{"taxonomy":"product_tag","embeddable":true,"href":"https:\/\/btaq.ca\/boutique\/wp-json\/wp\/v2\/product_tag?post=252"}],"curies":[{"name":"wp","href":"https:\/\/api.w.org\/{rel}","templated":true}]}}