{"id":232,"date":"2018-03-09T16:29:02","date_gmt":"2018-03-09T20:29:02","guid":{"rendered":"https:\/\/btaq.ca\/boutique\/?post_type=product&#038;p=232"},"modified":"2025-12-11T18:00:19","modified_gmt":"2025-12-11T22:00:19","slug":"insigne-premier-repondant","status":"publish","type":"product","link":"https:\/\/btaq.ca\/boutique\/produit\/insigne-premier-repondant\/","title":{"rendered":"Insigne premier r\u00e9pondant"},"content":{"rendered":"<p><span style=\"color: #0000ff;\">L&#8217;INSIGNE EST GARANTIE CONTRE TOUT D\u00c9FAUT POUR UNE P\u00c9RIODE D&#8217;UN AN.\u00a0 \u00a0 \u00a0 \u00a0<\/span><strong style=\"color: #ff0000;\">*******************************************************<\/strong><\/p>\n<p><span style=\"color: #ff0000;\"><span style=\"color: #0000ff;\">DANS LE CAS O\u00d9 L&#8217;INSIGNE SUBIT UNE MODIFICATION, <\/span>\u00a0 \u00a0 \u00a0<strong>\u00a0 \u00a0 \u00a0 \u00a0 \u00a0 \u00a0 \u00a0 \u00a0 \u00a0 \u00a0 \u00a0 \u00a0 \u00a0 \u00a0 \u00a0 \u00a0 \u00a0 \u00a0 \u00a0 \u00a0 \u00a0 \u00a0 \u00a0 \u00a0 \u00a0 \u00a0 \u00a0 \u00a0 \u00a0 \u00a0 \u00a0 \u00a0 \u00a0 \u00a0 \u00a0 Pr\u00e9voir jusqu&#8217;\u00e0 4 semaines pour la livraison. \u00a0<\/strong><\/span><\/p>\n<p><span style=\"color: #ff0000;\"><span style=\"color: #0000ff;\">CETTE GARANTIE N&#8217;EST PLUS VALIDE\u00a0 \u00a0 \u00a0 \u00a0 \u00a0 \u00a0 \u00a0 \u00a0 \u00a0 \u00a0 \u00a0 \u00a0 \u00a0 \u00a0 \u00a0 \u00a0 \u00a0 \u00a0 \u00a0 \u00a0 \u00a0 \u00a0 \u00a0 \u00a0 \u00a0 \u00a0 \u00a0 \u00a0 \u00a0 \u00a0 \u00a0 \u00a0 \u00a0 \u00a0 \u00a0 \u00a0 \u00a0 \u00a0 \u00a0<\/span><strong>\u00a0 \u00a0 \u00a0 \u00a0 \u00a0 \u00a0 \u00a0 \u00a0 \u00a0 \u00a0 \u00a0 \u00a0 \u00a0*******************************************************<\/strong><\/span><\/p>\n<p>Voici l&#8217;insigne des Premiers R\u00e9pondants. Fabriqu\u00e9 aussi en m\u00e9tal bross\u00e9 de couleur or, cet insigne est muni d&#8217;une pince r\u00e9sistante vous permettant ainsi de l&#8217;ins\u00e9rer dans votre portefeuille et insigne ou encore votre porte-carte et insigne.<\/p>\n<p>&nbsp;<\/p>\n<p><span style=\"color: #ff0000;\"><strong>\u00a0Pour faire graver votre matricule, s\u00e9lectionner l&#8217;option gravure et inscrire le matricule dans la case matricule \u00e0 graver.<\/strong><\/span><\/p>\n<p>&nbsp;<\/p>\n<p>&nbsp;<\/p>\n","protected":false},"excerpt":{"rendered":"<p>L&#8217;INSIGNE EST GARANTIE CONTRE TOUT D\u00c9FAUT POUR UNE P\u00c9RIODE D&#8217;UN AN.\u00a0 \u00a0 \u00a0 \u00a0******************************************************* DANS LE CAS O\u00d9 L&#8217;INSIGNE SUBIT UNE MODIFICATION, \u00a0 \u00a0 \u00a0\u00a0 \u00a0 \u00a0 \u00a0 \u00a0 \u00a0 \u00a0 \u00a0 \u00a0 \u00a0 \u00a0 \u00a0 \u00a0 \u00a0 \u00a0 \u00a0 \u00a0 \u00a0 \u00a0 \u00a0 \u00a0 \u00a0 \u00a0 \u00a0 \u00a0 \u00a0 \u00a0 \u00a0 \u00a0 \u00a0 \u00a0 [&hellip;]<\/p>\n","protected":false},"featured_media":234,"comment_status":"open","ping_status":"closed","template":"","meta":{"jetpack_post_was_ever_published":false,"jetpack_publicize_message":"","jetpack_publicize_feature_enabled":true,"jetpack_social_post_already_shared":true,"jetpack_social_options":{"image_generator_settings":{"template":"highway","default_image_id":0,"font":"","enabled":false},"version":2}},"product_brand":[],"product_cat":[20],"product_tag":[51,52],"class_list":{"0":"post-232","1":"product","2":"type-product","3":"status-publish","4":"has-post-thumbnail","6":"product_cat-autocollants-insigne-et-epinglette","7":"product_tag-insigne","8":"product_tag-premier-repondant","10":"first","11":"onbackorder","12":"taxable","13":"shipping-taxable","14":"purchasable","15":"product-type-simple"},"jetpack_publicize_connections":[],"jetpack_sharing_enabled":true,"_links":{"self":[{"href":"https:\/\/btaq.ca\/boutique\/wp-json\/wp\/v2\/product\/232","targetHints":{"allow":["GET"]}}],"collection":[{"href":"https:\/\/btaq.ca\/boutique\/wp-json\/wp\/v2\/product"}],"about":[{"href":"https:\/\/btaq.ca\/boutique\/wp-json\/wp\/v2\/types\/product"}],"replies":[{"embeddable":true,"href":"https:\/\/btaq.ca\/boutique\/wp-json\/wp\/v2\/comments?post=232"}],"wp:featuredmedia":[{"embeddable":true,"href":"https:\/\/btaq.ca\/boutique\/wp-json\/wp\/v2\/media\/234"}],"wp:attachment":[{"href":"https:\/\/btaq.ca\/boutique\/wp-json\/wp\/v2\/media?parent=232"}],"wp:term":[{"taxonomy":"product_brand","embeddable":true,"href":"https:\/\/btaq.ca\/boutique\/wp-json\/wp\/v2\/product_brand?post=232"},{"taxonomy":"product_cat","embeddable":true,"href":"https:\/\/btaq.ca\/boutique\/wp-json\/wp\/v2\/product_cat?post=232"},{"taxonomy":"product_tag","embeddable":true,"href":"https:\/\/btaq.ca\/boutique\/wp-json\/wp\/v2\/product_tag?post=232"}],"curies":[{"name":"wp","href":"https:\/\/api.w.org\/{rel}","templated":true}]}}