{"id":222,"date":"2018-03-09T15:56:57","date_gmt":"2018-03-09T19:56:57","guid":{"rendered":"https:\/\/btaq.ca\/boutique\/?post_type=product&#038;p=222"},"modified":"2026-03-29T22:16:15","modified_gmt":"2026-03-30T02:16:15","slug":"insigne-paramedic","status":"publish","type":"product","link":"https:\/\/btaq.ca\/boutique\/produit\/insigne-paramedic\/","title":{"rendered":"Insigne Param\u00e9dic"},"content":{"rendered":"<p><span style=\"color: #0000ff;\">L&#8217;INSIGNE EST GARANTIE CONTRE TOUT D\u00c9FAUT POUR UNE P\u00c9RIODE D&#8217;UN AN.\u00a0 \u00a0 \u00a0\u00a0<\/span><\/p>\n<p><span style=\"color: #ff0000;\"><span style=\"color: #0000ff;\">DANS LE CAS O\u00d9 L&#8217;INSIGNE SUBIT UNE MODIFICATION, <\/span>\u00a0 \u00a0 \u00a0<strong>\u00a0 \u00a0 \u00a0 \u00a0 \u00a0 \u00a0 \u00a0 \u00a0 \u00a0 \u00a0 \u00a0 \u00a0 \u00a0 \u00a0 \u00a0 \u00a0 \u00a0 \u00a0 \u00a0 \u00a0 \u00a0 \u00a0 \u00a0 \u00a0 \u00a0 \u00a0 \u00a0 \u00a0 \u00a0 \u00a0 \u00a0 \u00a0 \u00a0 \u00a0 \u00a0 \u00a0<\/strong><\/span><\/p>\n<p><span style=\"color: #ff0000;\"><span style=\"color: #0000ff;\">CETTE GARANTIE N&#8217;EST PLUS VALIDE\u00a0 \u00a0 \u00a0 \u00a0 \u00a0 \u00a0 \u00a0 \u00a0 \u00a0 \u00a0 \u00a0 \u00a0 \u00a0 \u00a0 \u00a0 \u00a0 \u00a0 \u00a0 \u00a0 \u00a0 \u00a0 \u00a0 \u00a0 \u00a0 \u00a0 \u00a0 \u00a0 \u00a0 \u00a0 \u00a0 \u00a0 \u00a0 \u00a0 \u00a0 \u00a0 \u00a0 \u00a0 \u00a0 \u00a0<\/span><strong>\u00a0 \u00a0 \u00a0 \u00a0 \u00a0 \u00a0 \u00a0 \u00a0 \u00a0 \u00a0 \u00a0 \u00a0 \u00a0*******************************************************<\/strong><\/span><\/p>\n<p><strong style=\"color: #ff0000;\">Pr\u00e9voir jusqu&#8217;\u00e0 4 semaines pour la livraison.<\/strong><\/p>\n<p><span style=\"color: #0000ff;\">\u00a0<\/span><strong style=\"color: #ff0000;\">*******************************************************<\/strong><\/p>\n<p><strong><span style=\"color: #ff0000;\">AVIS EXP\u00c9DITION:<\/span><\/strong><\/p>\n<p><strong><span style=\"color: #ff0000;\">Cet article offre l&#8217;Exp\u00e9dition par lettre poste, cependant l&#8217;utilisation de cette option n&#8217;ayant pas de num\u00e9ro de suivi n&#8217;offre aucune assurance si perdue en transport.<\/span><\/strong><\/p>\n<p>Entrez dans l&#8217;\u00e8re des PARAM\u00c9DIC avec notre nouvel insigne exclusif \u00e0 la BTAQ!<\/p>\n<p>Fabriqu\u00e9 de m\u00e9tal bross\u00e9 couleur or, cet insigne est muni d\u2019une pince vous permettant de l\u2019ins\u00e9rer dans votre portefeuille carte et insigne ou encore votre porte-carte et insigne.<\/p>\n<p>Pour en faire l&#8217;achat, vous devez \u00eatre absolument actif comme param\u00e9dic. Votre matricule sera grav\u00e9 avant livraison. Inscrivez dans le champ commentaire du panier d&#8217;achat votre matricule et le nom de la r\u00e9gion o\u00f9 votre pratiquez ou par courriel.<br \/>\nIl y a le porte-feuille, cartes et insigne,ainsi que le porte-cartes et insigne qui sont con\u00e7us sp\u00e9cialement pour recevoir cet insigne, \u00e0 noter que ces articles ne sont pas inclus dans le prix l&#8217;insigne.<\/p>\n<p><strong>Inscrire votre matricule \u00e0 graver dans la case pr\u00e9vue \u00e0 cet effet<\/strong><\/p>\n<p>&nbsp;<\/p>\n<p>Cliquez sur autres pour voir les portes-cartes et portefeuille et porte insigne pour ceinture<\/p>\n<p>&nbsp;<\/p>\n<p>&nbsp;<\/p>\n","protected":false},"excerpt":{"rendered":"<p>L&#8217;INSIGNE EST GARANTIE CONTRE TOUT D\u00c9FAUT POUR UNE P\u00c9RIODE D&#8217;UN AN.\u00a0 \u00a0 \u00a0\u00a0 DANS LE CAS O\u00d9 L&#8217;INSIGNE SUBIT UNE MODIFICATION, \u00a0 \u00a0 \u00a0\u00a0 \u00a0 \u00a0 \u00a0 \u00a0 \u00a0 \u00a0 \u00a0 \u00a0 \u00a0 \u00a0 \u00a0 \u00a0 \u00a0 \u00a0 \u00a0 \u00a0 \u00a0 \u00a0 \u00a0 \u00a0 \u00a0 \u00a0 \u00a0 \u00a0 \u00a0 \u00a0 \u00a0 \u00a0 \u00a0 \u00a0 \u00a0 [&hellip;]<\/p>\n","protected":false},"featured_media":277,"comment_status":"open","ping_status":"closed","template":"","meta":{"jetpack_post_was_ever_published":false,"jetpack_publicize_message":"","jetpack_publicize_feature_enabled":true,"jetpack_social_post_already_shared":true,"jetpack_social_options":{"image_generator_settings":{"template":"highway","default_image_id":0,"font":"","enabled":false},"version":2}},"product_brand":[],"product_cat":[20],"product_tag":[51,40],"class_list":{"0":"post-222","1":"product","2":"type-product","3":"status-publish","4":"has-post-thumbnail","6":"product_cat-autocollants-insigne-et-epinglette","7":"product_tag-insigne","8":"product_tag-paramedic","10":"first","11":"onbackorder","12":"taxable","13":"shipping-taxable","14":"purchasable","15":"product-type-simple"},"jetpack_publicize_connections":[],"jetpack_sharing_enabled":true,"_links":{"self":[{"href":"https:\/\/btaq.ca\/boutique\/wp-json\/wp\/v2\/product\/222","targetHints":{"allow":["GET"]}}],"collection":[{"href":"https:\/\/btaq.ca\/boutique\/wp-json\/wp\/v2\/product"}],"about":[{"href":"https:\/\/btaq.ca\/boutique\/wp-json\/wp\/v2\/types\/product"}],"replies":[{"embeddable":true,"href":"https:\/\/btaq.ca\/boutique\/wp-json\/wp\/v2\/comments?post=222"}],"wp:featuredmedia":[{"embeddable":true,"href":"https:\/\/btaq.ca\/boutique\/wp-json\/wp\/v2\/media\/277"}],"wp:attachment":[{"href":"https:\/\/btaq.ca\/boutique\/wp-json\/wp\/v2\/media?parent=222"}],"wp:term":[{"taxonomy":"product_brand","embeddable":true,"href":"https:\/\/btaq.ca\/boutique\/wp-json\/wp\/v2\/product_brand?post=222"},{"taxonomy":"product_cat","embeddable":true,"href":"https:\/\/btaq.ca\/boutique\/wp-json\/wp\/v2\/product_cat?post=222"},{"taxonomy":"product_tag","embeddable":true,"href":"https:\/\/btaq.ca\/boutique\/wp-json\/wp\/v2\/product_tag?post=222"}],"curies":[{"name":"wp","href":"https:\/\/api.w.org\/{rel}","templated":true}]}}