{"id":1550,"date":"2021-02-08T17:03:22","date_gmt":"2021-02-08T21:03:22","guid":{"rendered":"https:\/\/btaq.ca\/boutique\/?post_type=product&#038;p=1550"},"modified":"2021-02-12T04:16:28","modified_gmt":"2021-02-12T08:16:28","slug":"petit-compendium-2021","status":"publish","type":"product","link":"https:\/\/btaq.ca\/boutique\/produit\/petit-compendium-2021\/","title":{"rendered":"Petit compendium 2021"},"content":{"rendered":"<p><span style=\"font-family: Trebuchet MS; font-size: small;\">Nous vous proposons le guide de r\u00e9f\u00e9rence sur les m\u00e9dicaments par voie orale, inhalation, intraveineuse,\u00a0intramusculaire et sous-cutan\u00e9e. Nouvelle \u00e9dition revue et corrig\u00e9e avec l\u2019ajout des nouveaux m\u00e9dicament 2021.<\/span><\/p>\n<p><span style=\"font-family: Trebuchet MS; font-size: small;\">Il s\u2019agit de la 21e \u00e9dition du guide Le Petit Compendium. Il contient plus de 2461 m\u00e9dicaments prescrits par le m\u00e9decin dont 27 nouveaut\u00e9s en 2021.<\/span><\/p>\n<table border=\"0\" width=\"100%\" cellspacing=\"0\" cellpadding=\"0\">\n<tbody>\n<tr>\n<td align=\"left\" valign=\"top\" width=\"99\"><b><span style=\"font-family: Trebuchet MS; font-size: small;\">SP\u00c9CIFICATIONS<\/span><\/b><\/td>\n<td align=\"left\" valign=\"top\" width=\"92%\"><\/td>\n<\/tr>\n<tr>\n<td align=\"left\" valign=\"top\" width=\"99\"><b><span style=\"font-family: Trebuchet MS; font-size: small;\">Dimension :<\/span><\/b><\/td>\n<td align=\"left\" valign=\"top\" width=\"92%\"><span style=\"font-family: Trebuchet MS; font-size: small;\">Format poche 7.5 cm X 12.5 cm (3\u2019\u2019 X 5\u2019\u2019).<\/span><\/td>\n<\/tr>\n<tr>\n<td align=\"left\" valign=\"top\" width=\"99\"><b><span style=\"font-family: Trebuchet MS; font-size: small;\">Reliure :<\/span><\/b><\/td>\n<td align=\"left\" valign=\"top\" width=\"92%\"><span style=\"font-family: Trebuchet MS; font-size: small;\">Spirale partie sup\u00e9rieure.<\/span><\/td>\n<\/tr>\n<tr>\n<td align=\"left\" valign=\"top\" width=\"99\"><b><span style=\"font-family: Trebuchet MS; font-size: small;\">Impression :<\/span><\/b><\/td>\n<td align=\"left\" valign=\"top\" width=\"92%\"><span style=\"font-family: Trebuchet MS; font-size: small;\">Recto Verso noir sur fond blanc.<\/span><\/td>\n<\/tr>\n<tr>\n<td align=\"left\" valign=\"top\" width=\"99\"><b><span style=\"font-family: Trebuchet MS; font-size: small;\">No. De page :<\/span><\/b><\/td>\n<td align=\"left\" valign=\"top\" width=\"92%\"><span style=\"font-family: Trebuchet MS; font-size: small;\">78 pages lamin\u00e9es.<\/span><\/td>\n<\/tr>\n<tr>\n<td align=\"left\" valign=\"top\" width=\"99\"><b><span style=\"font-family: Trebuchet MS; font-size: small;\">Version :<\/span><\/b><\/td>\n<td align=\"left\" valign=\"top\" width=\"92%\"><span style=\"font-family: Trebuchet MS; font-size: small;\">Versions fran\u00e7aise et anglaise.<\/span><\/td>\n<\/tr>\n<tr>\n<td align=\"left\" valign=\"top\" width=\"99\"><b><span style=\"font-family: Trebuchet MS; font-size: small;\">Contenu :<\/span><\/b><\/td>\n<td align=\"left\" valign=\"top\" width=\"92%\"><span style=\"font-family: Trebuchet MS; font-size: small;\">M\u00e9dicaments par voies orale, inhalation, intraveineux, intramusculaire et sous-cutan\u00e9e.<\/span><\/td>\n<\/tr>\n<tr>\n<td align=\"left\" valign=\"top\" width=\"99\"><b><span style=\"font-family: Trebuchet MS; font-size: small;\">R\u00e9f\u00e9rence :<\/span><\/b><\/td>\n<td align=\"left\" valign=\"top\" width=\"92%\"><span style=\"font-family: Trebuchet MS; font-size: small;\">C.P.S. 2021.<\/span><\/td>\n<\/tr>\n<\/tbody>\n<\/table>\n","protected":false},"excerpt":{"rendered":"<p>Nous vous proposons le guide de r\u00e9f\u00e9rence sur les m\u00e9dicaments par voie orale, inhalation, intraveineuse,\u00a0intramusculaire et sous-cutan\u00e9e. Nouvelle \u00e9dition revue et corrig\u00e9e avec l\u2019ajout des nouveaux m\u00e9dicament 2021. Il s\u2019agit de la 21e \u00e9dition du guide Le Petit Compendium. Il contient plus de 2461 m\u00e9dicaments prescrits par le m\u00e9decin dont 27 nouveaut\u00e9s en 2021. SP\u00c9CIFICATIONS [&hellip;]<\/p>\n","protected":false},"featured_media":1792,"comment_status":"open","ping_status":"closed","template":"","meta":{"jetpack_post_was_ever_published":false,"jetpack_publicize_message":"","jetpack_publicize_feature_enabled":true,"jetpack_social_post_already_shared":true,"jetpack_social_options":{"image_generator_settings":{"template":"highway","default_image_id":0,"font":"","enabled":false},"version":2}},"product_brand":[],"product_cat":[38],"product_tag":[],"class_list":{"0":"post-1550","1":"product","2":"type-product","3":"status-publish","4":"has-post-thumbnail","6":"product_cat-volumes","8":"first","9":"instock","10":"taxable","11":"shipping-taxable","12":"purchasable","13":"product-type-simple"},"jetpack_publicize_connections":[],"jetpack_sharing_enabled":true,"_links":{"self":[{"href":"https:\/\/btaq.ca\/boutique\/wp-json\/wp\/v2\/product\/1550","targetHints":{"allow":["GET"]}}],"collection":[{"href":"https:\/\/btaq.ca\/boutique\/wp-json\/wp\/v2\/product"}],"about":[{"href":"https:\/\/btaq.ca\/boutique\/wp-json\/wp\/v2\/types\/product"}],"replies":[{"embeddable":true,"href":"https:\/\/btaq.ca\/boutique\/wp-json\/wp\/v2\/comments?post=1550"}],"wp:featuredmedia":[{"embeddable":true,"href":"https:\/\/btaq.ca\/boutique\/wp-json\/wp\/v2\/media\/1792"}],"wp:attachment":[{"href":"https:\/\/btaq.ca\/boutique\/wp-json\/wp\/v2\/media?parent=1550"}],"wp:term":[{"taxonomy":"product_brand","embeddable":true,"href":"https:\/\/btaq.ca\/boutique\/wp-json\/wp\/v2\/product_brand?post=1550"},{"taxonomy":"product_cat","embeddable":true,"href":"https:\/\/btaq.ca\/boutique\/wp-json\/wp\/v2\/product_cat?post=1550"},{"taxonomy":"product_tag","embeddable":true,"href":"https:\/\/btaq.ca\/boutique\/wp-json\/wp\/v2\/product_tag?post=1550"}],"curies":[{"name":"wp","href":"https:\/\/api.w.org\/{rel}","templated":true}]}}