{"id":1033,"date":"2019-03-01T14:00:02","date_gmt":"2019-03-01T18:00:02","guid":{"rendered":"https:\/\/btaq.ca\/boutique\/?post_type=product&#038;p=1033"},"modified":"2021-02-16T17:00:40","modified_gmt":"2021-02-16T21:00:40","slug":"douche-oculaire-cederroth-500ml","status":"publish","type":"product","link":"https:\/\/btaq.ca\/boutique\/produit\/douche-oculaire-cederroth-500ml\/","title":{"rendered":"Douche oculaire Cederroth 500ml"},"content":{"rendered":"<p>Design fonctionnel et excellentes propri\u00e9t\u00e9s de rin\u00e7age<br \/>\nUn flacon facile \u00e0 utiliser avec une \u0153ill\u00e8re ergonomique et un abondant d\u00e9bit de liquide.<br \/>\nL&#8217;\u0153ill\u00e8re est con\u00e7ue pour diriger le liquide vers l&#8217;\u0153il en \u00e9vitant les pertes inutiles et permet aussi de maintenir l\u2019\u0153il ouvert.<\/p>\n<p>Ouverture simple et rapide<br \/>\nLa Douche oculaire Cederroth s&#8217;ouvre facilement : il suffit de tourner le flacon.<\/p>\n<p>Installation<br \/>\nLa Douche oculaire Cederroth peut \u00eatre install\u00e9e de diff\u00e9rentes fa\u00e7ons et convient \u00e0 tous les lieux de travail et locaux. Se place id\u00e9alement sur le support mural con\u00e7u \u00e0 cet effet.<\/p>\n<p>Contenu<br \/>\n500 ml de solution isotonique de chlorure de sodium st\u00e9rile.<br \/>\nSans agent de conservation.<br \/>\n\u00c0 usage unique<\/p>\n<p>Dimensions : \u00d8 6,6 cm x H 23,5 cm<\/p>\n<p>Dur\u00e9e de conservation : 4,5 ans<\/p>\n","protected":false},"excerpt":{"rendered":"<p>Design fonctionnel et excellentes propri\u00e9t\u00e9s de rin\u00e7age Un flacon facile \u00e0 utiliser avec une \u0153ill\u00e8re ergonomique et un abondant d\u00e9bit de liquide. L&#8217;\u0153ill\u00e8re est con\u00e7ue pour diriger le liquide vers l&#8217;\u0153il en \u00e9vitant les pertes inutiles et permet aussi de maintenir l\u2019\u0153il ouvert. Ouverture simple et rapide La Douche oculaire Cederroth s&#8217;ouvre facilement : il [&hellip;]<\/p>\n","protected":false},"featured_media":1034,"comment_status":"open","ping_status":"closed","template":"","meta":{"jetpack_post_was_ever_published":false,"jetpack_publicize_message":"","jetpack_publicize_feature_enabled":true,"jetpack_social_post_already_shared":true,"jetpack_social_options":{"image_generator_settings":{"template":"highway","default_image_id":0,"font":"","enabled":false},"version":2}},"product_brand":[],"product_cat":[33],"product_tag":[],"class_list":{"0":"post-1033","1":"product","2":"type-product","3":"status-publish","4":"has-post-thumbnail","6":"product_cat-premiers-soins","8":"first","9":"outofstock","10":"taxable","11":"shipping-taxable","12":"purchasable","13":"product-type-simple"},"jetpack_publicize_connections":[],"jetpack_sharing_enabled":true,"_links":{"self":[{"href":"https:\/\/btaq.ca\/boutique\/wp-json\/wp\/v2\/product\/1033","targetHints":{"allow":["GET"]}}],"collection":[{"href":"https:\/\/btaq.ca\/boutique\/wp-json\/wp\/v2\/product"}],"about":[{"href":"https:\/\/btaq.ca\/boutique\/wp-json\/wp\/v2\/types\/product"}],"replies":[{"embeddable":true,"href":"https:\/\/btaq.ca\/boutique\/wp-json\/wp\/v2\/comments?post=1033"}],"wp:featuredmedia":[{"embeddable":true,"href":"https:\/\/btaq.ca\/boutique\/wp-json\/wp\/v2\/media\/1034"}],"wp:attachment":[{"href":"https:\/\/btaq.ca\/boutique\/wp-json\/wp\/v2\/media?parent=1033"}],"wp:term":[{"taxonomy":"product_brand","embeddable":true,"href":"https:\/\/btaq.ca\/boutique\/wp-json\/wp\/v2\/product_brand?post=1033"},{"taxonomy":"product_cat","embeddable":true,"href":"https:\/\/btaq.ca\/boutique\/wp-json\/wp\/v2\/product_cat?post=1033"},{"taxonomy":"product_tag","embeddable":true,"href":"https:\/\/btaq.ca\/boutique\/wp-json\/wp\/v2\/product_tag?post=1033"}],"curies":[{"name":"wp","href":"https:\/\/api.w.org\/{rel}","templated":true}]}}