{"id":102,"date":"2018-03-06T16:50:30","date_gmt":"2018-03-06T20:50:30","guid":{"rendered":"https:\/\/btaq.ca\/boutique\/?post_type=product&#038;p=102"},"modified":"2025-03-25T19:36:49","modified_gmt":"2025-03-25T23:36:49","slug":"etui-oncle-micke","status":"publish","type":"product","link":"https:\/\/btaq.ca\/boutique\/produit\/etui-oncle-micke\/","title":{"rendered":"\u00c9tui oncle Micke"},"content":{"rendered":"<p>Voici un \u00e9tui double pour vos gants de protection fabriqu\u00e9 de nylon &#8220;Cordura&#8221;.<\/p>\n<p>D&#8217;une qualit\u00e9 sup\u00e9rieure!!!<\/p>\n<p>Couleur noir<\/p>\n<p>Dimension: 4.5&#8243; de largeur x 3.5&#8243;de hauteur (11cm de\u00a0largeur x 9cm de hauteur)<\/p>\n","protected":false},"excerpt":{"rendered":"<p>Voici un \u00e9tui double pour vos gants de protection fabriqu\u00e9 de nylon &#8220;Cordura&#8221;. D&#8217;une qualit\u00e9 sup\u00e9rieure!!! Couleur noir Dimension: 4.5&#8243; de largeur x 3.5&#8243;de hauteur (11cm de\u00a0largeur x 9cm de hauteur)<\/p>\n","protected":false},"featured_media":134,"comment_status":"open","ping_status":"closed","template":"","meta":{"jetpack_post_was_ever_published":false,"jetpack_publicize_message":"","jetpack_publicize_feature_enabled":true,"jetpack_social_post_already_shared":true,"jetpack_social_options":{"image_generator_settings":{"template":"highway","default_image_id":0,"font":"","enabled":false},"version":2}},"product_brand":[],"product_cat":[19],"product_tag":[39,43,40],"class_list":{"0":"post-102","1":"product","2":"type-product","3":"status-publish","4":"has-post-thumbnail","6":"product_cat-article-en-nylon","7":"product_tag-etui","8":"product_tag-gants","9":"product_tag-paramedic","11":"first","12":"instock","13":"sale","14":"taxable","15":"shipping-taxable","16":"purchasable","17":"product-type-simple"},"jetpack_publicize_connections":[],"jetpack_sharing_enabled":true,"_links":{"self":[{"href":"https:\/\/btaq.ca\/boutique\/wp-json\/wp\/v2\/product\/102","targetHints":{"allow":["GET"]}}],"collection":[{"href":"https:\/\/btaq.ca\/boutique\/wp-json\/wp\/v2\/product"}],"about":[{"href":"https:\/\/btaq.ca\/boutique\/wp-json\/wp\/v2\/types\/product"}],"replies":[{"embeddable":true,"href":"https:\/\/btaq.ca\/boutique\/wp-json\/wp\/v2\/comments?post=102"}],"wp:featuredmedia":[{"embeddable":true,"href":"https:\/\/btaq.ca\/boutique\/wp-json\/wp\/v2\/media\/134"}],"wp:attachment":[{"href":"https:\/\/btaq.ca\/boutique\/wp-json\/wp\/v2\/media?parent=102"}],"wp:term":[{"taxonomy":"product_brand","embeddable":true,"href":"https:\/\/btaq.ca\/boutique\/wp-json\/wp\/v2\/product_brand?post=102"},{"taxonomy":"product_cat","embeddable":true,"href":"https:\/\/btaq.ca\/boutique\/wp-json\/wp\/v2\/product_cat?post=102"},{"taxonomy":"product_tag","embeddable":true,"href":"https:\/\/btaq.ca\/boutique\/wp-json\/wp\/v2\/product_tag?post=102"}],"curies":[{"name":"wp","href":"https:\/\/api.w.org\/{rel}","templated":true}]}}