{"id":640,"date":"2018-03-29T20:22:58","date_gmt":"2018-03-29T20:22:58","guid":{"rendered":"https:\/\/btaq.ca\/boutique\/?page_id=640"},"modified":"2020-10-30T09:19:39","modified_gmt":"2020-10-30T13:19:39","slug":"termes-conditions","status":"publish","type":"page","link":"https:\/\/btaq.ca\/boutique\/termes-conditions\/","title":{"rendered":"Termes &#038; Conditions"},"content":{"rendered":"<h1>Termes et conditions<\/h1>\n<p>\u00c9TAPE DE L\u2019ACHAT :<\/p>\n<p>Le processus de commande se fait en plusieurs \u00e9tapes, soit :<\/p>\n<p>\u00c9tape 1 : choisir le pays de livraison;<\/p>\n<p>\u00c9tape 2 : inscrire votre adresse de livraison;<\/p>\n<p>\u00c9tape 3 : choisir le mode de paiement;<\/p>\n<p>\u00c9tape 4 : facture;<\/p>\n<p>\u00c9tape 5 : confirmation de votre commande.<\/p>\n<p>GARANTIE APR\u00c8S VENTE : Nos produits sont tous garantie contre les d\u00e9fauts de fabrication. Nous respectons les garanties des fabricants.<\/p>\n<p>Modalit\u00e9s et conditions Modifications, coquilles et erreurs :<\/p>\n<p>Sous r\u00e9serve des lois applicables, nous :<\/p>\n<p>a) nous r\u00e9servons le droit de modifier les produits et les services annonc\u00e9s ou offerts en vente sur le site, les prix et les sp\u00e9cifications de ces produits et services et toute offre promotionnelle en tout temps et de temps \u00e0 autre sans donner d&#8217;avis ni engager de responsabilit\u00e9 envers quiconque, y compris vous;<\/p>\n<p>b) ne pouvons garantir que les produits et services annonc\u00e9s ou offerts en vente sur le site seront disponibles au moment o\u00f9 ils sont command\u00e9s ou par la suite;<\/p>\n<p>c) nous r\u00e9servons le droit de limiter les quantit\u00e9s vendues ou offertes en vente;<\/p>\n<p>d) ne garantissons pas que le site ou les documents qui apparaissent sur le site sont exacts, complets, fiables, \u00e0 jour ou exempts d&#8217;erreurs;<\/p>\n<p>e) nous r\u00e9servons le droit d&#8217;annuler une commande, d&#8217;y mettre fin ou de ne pas la traiter (y compris une commande accept\u00e9e) si le prix ou toute autre information importante du site sont inexacts;<\/p>\n<p>f) nous r\u00e9servons le droit d&#8217;annuler une commande si les stocks d&#8217;un article ne sont plus suffisants pour r\u00e9aliser votre commande (ou si un article n&#8217;est plus offert). Si nous ne traitons pas une commande pour une de ces raisons, nous vous aviserons que la commande a \u00e9t\u00e9 annul\u00e9e et soit nous ne vous facturerons pas le montant de la commande, soit nous vous le cr\u00e9diterons, selon le type de paiement utilis\u00e9. Certaines provinces ou territoires pourraient ne pas permettre les exclusions ou les d\u00e9nis de certaines garanties implicites, de sorte que certaines des conditions de la pr\u00e9sente clause pourraient ne pas s&#8217;appliquer \u00e0 vous.<\/p>\n<p>\u00a0<\/p>\n<p>Correction ou Annulation :<\/p>\n<p>Vous pouvez corriger ou annuler votre commande tant qu\u2019elle n\u2019a pas \u00e9t\u00e9 livr\u00e9e. Si la commande a \u00e9t\u00e9 livr\u00e9e, vous pouvez l\u2019annuler ou la corriger en assumant les frais de retour.<\/p>\n<p>REMBOURSEMENT : En cas de d\u00e9fectuosit\u00e9 ou d\u2019annulation, vous serez rembours\u00e9 selon votre mode de paiement.<\/p>\n<p>S\u00e9curit\u00e9 de paiements :<\/p>\n<p>Lorsque vous faites un achat avec le syst\u00e8me de paiements s\u00e9curis\u00e9s par Stripe ou PayPal, votre transaction est dirig\u00e9e vers un terminal de paiement Internet sous connexion s\u00e9curis\u00e9e. Cette connexion utilise le protocole de chiffrement SSL.2 \u00e0 128 bits, ce qui correspond \u00e0 la norme actuelle en mati\u00e8re de s\u00e9curit\u00e9.<\/p>\n<p>Toutes les donn\u00e9es d&#8217;op\u00e9ration (d\u00e9tail de la commande, identification du client, num\u00e9ro de carte de cr\u00e9dit) sont encod\u00e9es pour \u00eatre transf\u00e9r\u00e9es de votre ordinateur au serveur de paiement, qui est le seul \u00e0 pouvoir les d\u00e9chiffrer. Stripe ou PayPal \u00a0retransmet au marchand les renseignements relatifs \u00e0 votre commande, sauf ceux concernant votre carte de cr\u00e9dit.<\/p>\n\n","protected":false},"excerpt":{"rendered":"<p>Termes et conditions \u00c9TAPE DE L\u2019ACHAT : Le processus de commande se fait en plusieurs \u00e9tapes, soit : \u00c9tape 1 : choisir le pays de livraison; \u00c9tape 2 : inscrire votre adresse de livraison; \u00c9tape 3 : choisir le mode de paiement; \u00c9tape 4 : facture; \u00c9tape 5 : confirmation de votre commande. GARANTIE APR\u00c8S [&hellip;]<\/p>\n","protected":false},"author":1,"featured_media":0,"parent":0,"menu_order":0,"comment_status":"closed","ping_status":"closed","template":"","meta":{"jetpack_post_was_ever_published":false,"footnotes":""},"class_list":["post-640","page","type-page","status-publish","hentry"],"jetpack_sharing_enabled":true,"jetpack_shortlink":"https:\/\/wp.me\/P9ImwX-ak","_links":{"self":[{"href":"https:\/\/btaq.ca\/boutique\/wp-json\/wp\/v2\/pages\/640","targetHints":{"allow":["GET"]}}],"collection":[{"href":"https:\/\/btaq.ca\/boutique\/wp-json\/wp\/v2\/pages"}],"about":[{"href":"https:\/\/btaq.ca\/boutique\/wp-json\/wp\/v2\/types\/page"}],"author":[{"embeddable":true,"href":"https:\/\/btaq.ca\/boutique\/wp-json\/wp\/v2\/users\/1"}],"replies":[{"embeddable":true,"href":"https:\/\/btaq.ca\/boutique\/wp-json\/wp\/v2\/comments?post=640"}],"version-history":[{"count":5,"href":"https:\/\/btaq.ca\/boutique\/wp-json\/wp\/v2\/pages\/640\/revisions"}],"predecessor-version":[{"id":1488,"href":"https:\/\/btaq.ca\/boutique\/wp-json\/wp\/v2\/pages\/640\/revisions\/1488"}],"wp:attachment":[{"href":"https:\/\/btaq.ca\/boutique\/wp-json\/wp\/v2\/media?parent=640"}],"curies":[{"name":"wp","href":"https:\/\/api.w.org\/{rel}","templated":true}]}}