{"id":636,"date":"2018-03-29T20:18:53","date_gmt":"2018-03-29T20:18:53","guid":{"rendered":"https:\/\/btaq.ca\/boutique\/?page_id=636"},"modified":"2020-02-25T09:43:25","modified_gmt":"2020-02-25T13:43:25","slug":"politique-de-confidentialite","status":"publish","type":"page","link":"https:\/\/btaq.ca\/boutique\/politique-de-confidentialite\/","title":{"rendered":"Politique de confidentialit\u00e9"},"content":{"rendered":"<h1>Confidentialit\u00e9<\/h1>\n<p>POLITIQUE DE RENSEIGNEMENTS PERSONNELS<\/p>\n<p>Collecte et utilisation des renseignements :<\/p>\n<p>Les renseignements recueillis ne serviront qu&#8217;au bon traitement de votre commande et au traitement de vos plaintes s&#8217;il y a lieu.<\/p>\n<p>Seul les renseignements personnels suivants sont recueillis lors de la commande : &#8211;<\/p>\n<p>&#8211; Nom \u00a0&#8211; Pr\u00e9nom \u00a0 &#8211; Adresse \u00a0&#8211; Num\u00e9ro de t\u00e9l\u00e9phone \u00a0&#8211; Courrier \u00e9lectronique<\/p>\n<p>Soyez assur\u00e9 de la confidentialit\u00e9 de tous les renseignements personnels que vous inscrivez. Ils ne seront utilis\u00e9s que pour :<\/p>\n<p>&#8211; Une confirmation de votre commande dans votre courriel;<\/p>\n<p>&#8211; L&#8217;envoi d&#8217;un re\u00e7u de paiement si l&#8217;achat est effectu\u00e9 par carte de cr\u00e9dit;<\/p>\n<p>&#8211; Pour une livraison rapide et pr\u00e9cise de votre commande;<\/p>\n<p>&#8211; Suivi pour le service apr\u00e8s vente, qui vous est expliqu\u00e9 plus bas.<\/p>\n<p>Consentement du consommateur :<\/p>\n<p>Aucun renseignement n\u2019est recueilli sans votre consentement. Il est \u00e0 noter que vous donnez votre consentement automatiquement en proc\u00e9dant \u00e0 une commande ou en portant plainte. Il vous est toujours possible de retirer votre consentement. Pour ce faire, vous n&#8217;avez qu&#8217;\u00e0 communiquer avec Yvan Frenette aux coordonn\u00e9es suivantes :<\/p>\n<p>B.T.A.Q. Inc \u00a0938, rue Saint-Antoine<\/p>\n<p>La Tuque, Qu\u00e9bec<\/p>\n<p>Canada<\/p>\n<p>G9X 2Z6<\/p>\n<p>T\u00e9l\u00e9phone bureau (locale et internationale) : (819) 523-9852<\/p>\n<p>(Sans frais pour le Qu\u00e9bec et USA seulement) : 1-877-337-3219<\/p>\n<p>T\u00e9l\u00e9copieur : (819) 523-9852<\/p>\n<p>Courriel : info@btaq.ca<\/p>\n<p>&nbsp;<\/p>\n<p>Communication des renseignements \u00e0 des tiers :<\/p>\n<p>En aucun cas, vos renseignements personnels ne seront divulgu\u00e9s \u00e0 des tiers.<\/p>\n<p>&nbsp;<\/p>\n<p>Conservation des renseignements :<\/p>\n<p>Votre dossier est conserv\u00e9 sur support papier et sur support informatique. Seul le responsable des plaintes\u00a0 a acc\u00e8s au lieu o\u00f9 vos renseignements sont conserv\u00e9s. Vos renseignements sont conserv\u00e9s le \u00a0temps n\u00e9cessaire pour nous permettre de traiter votre commande et\/ou votre plainte.<\/p>\n<p>Vos renseignements personnels seront conserv\u00e9s 5 ans en support papier. (Seulement les coordonn\u00e9es)<\/p>\n<p>&#8211; Nom \u00a0&#8211; Pr\u00e9nom \u00a0 &#8211; Adresse \u00a0&#8211; Num\u00e9ro de t\u00e9l\u00e9phone \u00a0&#8211; Courrier \u00e9lectronique \u00a0 qui sont conserv\u00e9s.<\/p>\n<p>Ils seront conserv\u00e9s dans les bureau de la BTAQ.<\/p>\n<p>Destruction des renseignements :<\/p>\n<p>Apr\u00e8s la p\u00e9riode de conservation de vos renseignements mentionn\u00e9s plus haut, ceux-ci seront d\u00e9chiquet\u00e9s ou supprim\u00e9s.<\/p>\n","protected":false},"excerpt":{"rendered":"<p>Confidentialit\u00e9 POLITIQUE DE RENSEIGNEMENTS PERSONNELS Collecte et utilisation des renseignements : Les renseignements recueillis ne serviront qu&#8217;au bon traitement de votre commande et au traitement de vos plaintes s&#8217;il y a lieu. Seul les renseignements personnels suivants sont recueillis lors de la commande : &#8211; &#8211; Nom \u00a0&#8211; Pr\u00e9nom \u00a0 &#8211; Adresse \u00a0&#8211; Num\u00e9ro de [&hellip;]<\/p>\n","protected":false},"author":1,"featured_media":0,"parent":0,"menu_order":0,"comment_status":"closed","ping_status":"closed","template":"","meta":{"jetpack_post_was_ever_published":false,"footnotes":""},"class_list":["post-636","page","type-page","status-publish","hentry"],"jetpack_sharing_enabled":true,"jetpack_shortlink":"https:\/\/wp.me\/P9ImwX-ag","_links":{"self":[{"href":"https:\/\/btaq.ca\/boutique\/wp-json\/wp\/v2\/pages\/636","targetHints":{"allow":["GET"]}}],"collection":[{"href":"https:\/\/btaq.ca\/boutique\/wp-json\/wp\/v2\/pages"}],"about":[{"href":"https:\/\/btaq.ca\/boutique\/wp-json\/wp\/v2\/types\/page"}],"author":[{"embeddable":true,"href":"https:\/\/btaq.ca\/boutique\/wp-json\/wp\/v2\/users\/1"}],"replies":[{"embeddable":true,"href":"https:\/\/btaq.ca\/boutique\/wp-json\/wp\/v2\/comments?post=636"}],"version-history":[{"count":2,"href":"https:\/\/btaq.ca\/boutique\/wp-json\/wp\/v2\/pages\/636\/revisions"}],"predecessor-version":[{"id":639,"href":"https:\/\/btaq.ca\/boutique\/wp-json\/wp\/v2\/pages\/636\/revisions\/639"}],"wp:attachment":[{"href":"https:\/\/btaq.ca\/boutique\/wp-json\/wp\/v2\/media?parent=636"}],"curies":[{"name":"wp","href":"https:\/\/api.w.org\/{rel}","templated":true}]}}