{"id":273,"date":"2018-03-10T00:59:27","date_gmt":"2018-03-10T04:59:27","guid":{"rendered":"https:\/\/btaq.ca\/boutique\/?page_id=273"},"modified":"2022-02-16T14:34:04","modified_gmt":"2022-02-16T18:34:04","slug":"btaq","status":"publish","type":"page","link":"https:\/\/btaq.ca\/boutique\/btaq\/","title":{"rendered":"Accueil"},"content":{"rendered":"\n\t\t\t<!-- START Slider 1 REVOLUTION SLIDER 6.6.15 --><p class=\"rs-p-wp-fix\"><\/p>\n\t\t\t<rs-module-wrap id=\"rev_slider_25_1_wrapper\" data-source=\"gallery\" style=\"visibility:hidden;background:transparent;padding:0;\">\n\t\t\t\t<rs-module id=\"rev_slider_25_1\" style=\"\" data-version=\"6.6.15\">\n\t\t\t\t\t<rs-slides style=\"overflow: hidden; position: absolute;\">\n\t\t\t\t\t\t<rs-slide style=\"position: absolute;\" data-key=\"rs-23\" data-title=\"Slide\" data-in=\"o:0;\" data-out=\"a:false;\">\n\t\t\t\t\t\t\t<img decoding=\"async\" src=\"\/\/btaq.ca\/boutique\/wp-content\/plugins\/revslider\/public\/assets\/assets\/dummy.png\" alt=\"Slide\" title=\"Accueil\" class=\"rev-slidebg tp-rs-img rs-lazyload\" data-lazyload=\"\/\/btaq.ca\/boutique\/wp-content\/plugins\/revslider\/public\/assets\/assets\/transparent.png\" data-bg=\"c:#007aff;\" data-no-retina>\n<!--\n\t\t\t\t\t\t\t--><rs-layer\n\t\t\t\t\t\t\t\tid=\"slider-25-slide-23-layer-0\" \n\t\t\t\t\t\t\t\tdata-type=\"text\"\n\t\t\t\t\t\t\t\tdata-rsp_ch=\"on\"\n\t\t\t\t\t\t\t\tdata-xy=\"x:c;xo:0,0,0,1px;yo:95px,78px,59px,58px;\"\n\t\t\t\t\t\t\t\tdata-text=\"w:normal;s:50,41,31,31;l:25,20,15,9;\"\n\t\t\t\t\t\t\t\tdata-frame_999=\"o:0;st:w;sR:8700;\"\n\t\t\t\t\t\t\t\tstyle=\"z-index:8;font-family:'Quattrocento';\"\n\t\t\t\t\t\t\t>\u00c9quipement M\u00e9dical B.T.A.Q.       \n\t\t\t\t\t\t\t<\/rs-layer><!--\n\n\t\t\t\t\t\t\t--><rs-layer\n\t\t\t\t\t\t\t\tid=\"slider-25-slide-23-layer-1\" \n\t\t\t\t\t\t\t\tdata-type=\"image\"\n\t\t\t\t\t\t\t\tdata-rsp_ch=\"on\"\n\t\t\t\t\t\t\t\tdata-xy=\"xo:0,0,22px,13px;yo:15px,12px,-17px,-8px;\"\n\t\t\t\t\t\t\t\tdata-text=\"w:normal;s:20,16,12,7;l:0,20,15,9;\"\n\t\t\t\t\t\t\t\tdata-dim=\"w:152px,125px,128px,104px;h:63px,52px,53px,43px;\"\n\t\t\t\t\t\t\t\tdata-frame_999=\"o:0;st:w;sR:8700;\"\n\t\t\t\t\t\t\t\tstyle=\"z-index:9;\"\n\t\t\t\t\t\t\t><img decoding=\"async\" src=\"\/\/btaq.ca\/boutique\/wp-content\/plugins\/revslider\/public\/assets\/assets\/dummy.png\" alt=\"\" class=\"tp-rs-img rs-lazyload\" width=\"534\" height=\"222\" data-lazyload=\"\/\/btaq.ca\/boutique\/wp-content\/uploads\/2021\/02\/Logo_Boutique_BTAQ-1.png\" data-no-retina> \n\t\t\t\t\t\t\t<\/rs-layer><!--\n\n\t\t\t\t\t\t\t--><a\n\t\t\t\t\t\t\t\tid=\"slider-25-slide-23-layer-2\" \n\t\t\t\t\t\t\t\tclass=\"rs-layer\"\n\t\t\t\t\t\t\t\thref=\"mailto:info@btaq.ca\" target=\"_blank\" rel=\"nofollow noopener\"\n\t\t\t\t\t\t\t\tdata-type=\"text\"\n\t\t\t\t\t\t\t\tdata-rsp_ch=\"on\"\n\t\t\t\t\t\t\t\tdata-xy=\"xo:331px,273px,284px,196px;yo:708px,584px,442px,358px;\"\n\t\t\t\t\t\t\t\tdata-text=\"w:normal;s:50,41,37,31;l:50,41,31,19;\"\n\t\t\t\t\t\t\t\tdata-frame_1=\"st:2020;sp:2610;sR:2020;\"\n\t\t\t\t\t\t\t\tdata-frame_999=\"o:0;st:w;sR:4370;\"\n\t\t\t\t\t\t\t\tstyle=\"z-index:21;font-family:'Roboto';\"\n\t\t\t\t\t\t\t><i class=\"material-icons\">mail_outline<\/i> \n\t\t\t\t\t\t\t<\/a><!--\n\n\t\t\t\t\t\t\t--><a\n\t\t\t\t\t\t\t\tid=\"slider-25-slide-23-layer-4\" \n\t\t\t\t\t\t\t\tclass=\"rs-layer\"\n\t\t\t\t\t\t\t\thref=\"https:\/\/btaq.ca\/boutique\/shop\/\" target=\"_self\" rel=\"nofollow\"\n\t\t\t\t\t\t\t\tdata-type=\"text\"\n\t\t\t\t\t\t\t\tdata-rsp_ch=\"on\"\n\t\t\t\t\t\t\t\tdata-xy=\"xo:502px,414px,247px,115px;yo:818px,675px,659px,597px;\"\n\t\t\t\t\t\t\t\tdata-text=\"w:normal;s:20,16,25,20;l:25,20,15,9;\"\n\t\t\t\t\t\t\t\tdata-dim=\"h:auto,auto,auto,15px;\"\n\t\t\t\t\t\t\t\tdata-frame_999=\"o:0;st:w;sR:8700;\"\n\t\t\t\t\t\t\t\tstyle=\"z-index:23;font-family:'Roboto';\"\n\t\t\t\t\t\t\t>Cliquez pour d\u00e9buter le magasinage \n\t\t\t\t\t\t\t<\/a><!--\n\n\t\t\t\t\t\t\t--><rs-layer\n\t\t\t\t\t\t\t\tid=\"slider-25-slide-23-layer-5\" \n\t\t\t\t\t\t\t\tdata-type=\"image\"\n\t\t\t\t\t\t\t\tdata-rsp_ch=\"on\"\n\t\t\t\t\t\t\t\tdata-xy=\"xo:107px,88px,66px,1px;yo:280px,231px,175px,168px;\"\n\t\t\t\t\t\t\t\tdata-text=\"w:normal;s:20,16,12,7;l:0,20,15,9;\"\n\t\t\t\t\t\t\t\tdata-dim=\"w:339px,279px,211px,158px;h:382px,315px,239px,178px;\"\n\t\t\t\t\t\t\t\tdata-frame_0=\"x:left;skX:85;\"\n\t\t\t\t\t\t\t\tdata-frame_1=\"sp:4000;\"\n\t\t\t\t\t\t\t\tdata-frame_999=\"o:0;st:w;sR:5000;\"\n\t\t\t\t\t\t\t\tstyle=\"z-index:10;\"\n\t\t\t\t\t\t\t><img decoding=\"async\" src=\"\/\/btaq.ca\/boutique\/wp-content\/plugins\/revslider\/public\/assets\/assets\/dummy.png\" alt=\"\" class=\"tp-rs-img rs-lazyload\" width=\"555\" height=\"625\" data-lazyload=\"\/\/btaq.ca\/boutique\/wp-content\/uploads\/2021\/02\/PhotoRoom_20210213_213606-1.png\" data-no-retina> \n\t\t\t\t\t\t\t<\/rs-layer><!--\n\n\t\t\t\t\t\t\t--><rs-layer\n\t\t\t\t\t\t\t\tid=\"slider-25-slide-23-layer-6\" \n\t\t\t\t\t\t\t\tdata-type=\"text\"\n\t\t\t\t\t\t\t\tdata-rsp_ch=\"on\"\n\t\t\t\t\t\t\t\tdata-xy=\"x:c;xo:171px,141px,101px,58px;yo:356px,293px,203px,190px;\"\n\t\t\t\t\t\t\t\tdata-text=\"w:nowrap;s:40,33,25,18;l:50,41,31,19;a:center;\"\n\t\t\t\t\t\t\t\tdata-dim=\"w:718px,592px,449px,271px;\"\n\t\t\t\t\t\t\t\tdata-frame_0=\"rY:360deg;\"\n\t\t\t\t\t\t\t\tdata-frame_1=\"e:back.out;sp:4000;\"\n\t\t\t\t\t\t\t\tdata-frame_999=\"o:0;st:w;sR:5000;\"\n\t\t\t\t\t\t\t\tstyle=\"z-index:12;font-family:'Roboto';\"\n\t\t\t\t\t\t\t>Voici l'insigne Param\u00e9dic, <br \/>une exclusivit\u00e9 de la Boutique B.T.A.Q. \n\t\t\t\t\t\t\t<\/rs-layer><!--\n\n\t\t\t\t\t\t\t--><rs-layer\n\t\t\t\t\t\t\t\tid=\"slider-25-slide-23-layer-7\" \n\t\t\t\t\t\t\t\tclass=\"tp-shape tp-shapewrapper\"\n\t\t\t\t\t\t\t\tdata-type=\"shape\"\n\t\t\t\t\t\t\t\tdata-rsp_ch=\"on\"\n\t\t\t\t\t\t\t\tdata-xy=\"x:c;xo:-117px,161px,-93px,-73px;yo:483px,212px,267px,235px;\"\n\t\t\t\t\t\t\t\tdata-text=\"a:inherit;\"\n\t\t\t\t\t\t\t\tdata-dim=\"w:166,150px,117px,86px;h:166,150px,117px,86px;\"\n\t\t\t\t\t\t\t\tdata-btrans=\"rZ:70;\"\n\t\t\t\t\t\t\t\tdata-border=\"bor:100px,100px,100px,0px;\"\n\t\t\t\t\t\t\t\tdata-frame_0=\"rY:360deg;\"\n\t\t\t\t\t\t\t\tdata-frame_1=\"e:back.out;st:3540;sp:500;sR:3540;\"\n\t\t\t\t\t\t\t\tdata-frame_999=\"o:0;st:w;sR:4960;\"\n\t\t\t\t\t\t\t\tstyle=\"z-index:13;background:linear-gradient(90deg, rgba(255,149,0,1) 0%, rgba(255,94,58,1) 100%);\"\n\t\t\t\t\t\t\t> \n\t\t\t\t\t\t\t<\/rs-layer><!--\n\n\t\t\t\t\t\t\t--><a\n\t\t\t\t\t\t\t\tid=\"slider-25-slide-23-layer-8\" \n\t\t\t\t\t\t\t\tclass=\"rs-layer\"\n\t\t\t\t\t\t\t\thref=\"https:\/\/btaq.ca\/boutique\/produit\/insigne-paramedic\/\" target=\"_self\" rel=\"nofollow\"\n\t\t\t\t\t\t\t\tdata-type=\"text\"\n\t\t\t\t\t\t\t\tdata-rsp_ch=\"on\"\n\t\t\t\t\t\t\t\tdata-xy=\"x:c;xo:172px,0,0,0;yo:529px,641px,731px,435px;\"\n\t\t\t\t\t\t\t\tdata-text=\"s:18,18,18,14;l:70;ls:1px;fw:900;a:inherit;\"\n\t\t\t\t\t\t\t\tdata-dim=\"w:auto,auto,auto,259px;\"\n\t\t\t\t\t\t\t\tdata-padding=\"r:50;l:50;\"\n\t\t\t\t\t\t\t\tdata-border=\"bor:35px,35px,35px,35px;\"\n\t\t\t\t\t\t\t\tdata-frame_0=\"y:100px;\"\n\t\t\t\t\t\t\t\tdata-frame_1=\"e:power3.out;st:6220;sp:2440;sR:6220;\"\n\t\t\t\t\t\t\t\tdata-frame_999=\"o:0;st:w;sR:340;\"\n\t\t\t\t\t\t\t\tdata-frame_hover=\"c:#000;bgc:linear-gradient(rgba(255,255,255,1) 0%, rgba(215,215,215,1) 100%);bor:35px,35px,35px,35px;oX:50;oY:50;sp:200;e:power1.inOut;\"\n\t\t\t\t\t\t\t\tstyle=\"z-index:15;background:linear-gradient(90deg, rgba(30,33,201,1) 0%, rgba(29,98,240,1) 100%);font-family:'Roboto';cursor:pointer;-webkit-box-shadow:0px 15px 40px 0px rgba(0,0,0,0.1);-moz-box-shadow:0px 15px 40px 0px rgba(0,0,0,0.1);box-shadow:0px 15px 40px 0px rgba(0,0,0,0.1);\"\n\t\t\t\t\t\t\t><i class=\"fa-shopping-cart\" style=font-size:25px;margin-right:5px;\"><\/i> Commander l'insigne \n\t\t\t\t\t\t\t<\/a><!--\n\n\t\t\t\t\t\t\t--><rs-layer\n\t\t\t\t\t\t\t\tid=\"slider-25-slide-23-layer-9\" \n\t\t\t\t\t\t\t\tdata-type=\"text\"\n\t\t\t\t\t\t\t\tdata-rsp_ch=\"on\"\n\t\t\t\t\t\t\t\tdata-xy=\"xo:966px,797px,605px,373px;yo:78px,64px,48px,29px;\"\n\t\t\t\t\t\t\t\tdata-text=\"w:normal;s:50,41,31,19;l:50,41,31,19;\"\n\t\t\t\t\t\t\t\tdata-frame_999=\"o:0;st:w;\"\n\t\t\t\t\t\t\t\tstyle=\"z-index:24;font-family:'Roboto';\"\n\t\t\t\t\t\t\t><i class=\"fa-ambulance\"><\/i> \n\t\t\t\t\t\t\t<\/rs-layer><!--\n\n\t\t\t\t\t\t\t--><rs-layer\n\t\t\t\t\t\t\t\tid=\"slider-25-slide-23-layer-10\" \n\t\t\t\t\t\t\t\tdata-type=\"text\"\n\t\t\t\t\t\t\t\tdata-color=\"#000000||#ffffff||#000000||#000000\"\n\t\t\t\t\t\t\t\tdata-rsp_ch=\"on\"\n\t\t\t\t\t\t\t\tdata-xy=\"x:c;xo:-124px,160px,-95px,-76px;yo:538px,265px,310px,265px;\"\n\t\t\t\t\t\t\t\tdata-text=\"w:normal,nowrap,nowrap,nowrap;s:40,30,30,20;l:40,30,30,20;fw:900;a:center;\"\n\t\t\t\t\t\t\t\tdata-dim=\"w:201px,150px,150px,96px;\"\n\t\t\t\t\t\t\t\tdata-frame_0=\"rX:70deg;oZ:-50;\"\n\t\t\t\t\t\t\t\tdata-frame_0_chars=\"d:5;y:cyc(-100||100);o:0;\"\n\t\t\t\t\t\t\t\tdata-frame_1=\"oZ:-50;e:power4.inOut;st:3550;sp:2430;sR:3550;\"\n\t\t\t\t\t\t\t\tdata-frame_1_chars=\"e:power4.inOut;dir:middletoedge;d:10;\"\n\t\t\t\t\t\t\t\tdata-frame_999=\"o:0;st:w;sR:2420;\"\n\t\t\t\t\t\t\t\tstyle=\"z-index:14;font-family:'Roboto';\"\n\t\t\t\t\t\t\t>$105.00 \n\t\t\t\t\t\t\t<\/rs-layer><!--\n\n\t\t\t\t\t\t\t--><rs-layer\n\t\t\t\t\t\t\t\tid=\"slider-25-slide-23-layer-11\" \n\t\t\t\t\t\t\t\tdata-type=\"text\"\n\t\t\t\t\t\t\t\tdata-rsp_ch=\"on\"\n\t\t\t\t\t\t\t\tdata-xy=\"xo:229px,189px,143px,88px;yo:78px,64px,48px,29px;\"\n\t\t\t\t\t\t\t\tdata-text=\"w:normal;s:50,41,31,19;l:50,41,31,19;\"\n\t\t\t\t\t\t\t\tdata-btrans=\"rY:180;\"\n\t\t\t\t\t\t\t\tdata-frame_999=\"o:0;st:w;\"\n\t\t\t\t\t\t\t\tstyle=\"z-index:24;font-family:'Roboto';\"\n\t\t\t\t\t\t\t><i class=\"fa-ambulance\"><\/i> \n\t\t\t\t\t\t\t<\/rs-layer><!--\n\n\t\t\t\t\t\t\t--><rs-layer\n\t\t\t\t\t\t\t\tid=\"slider-25-slide-23-layer-16\" \n\t\t\t\t\t\t\t\tdata-type=\"text\"\n\t\t\t\t\t\t\t\tdata-color=\"#fff\"\n\t\t\t\t\t\t\t\tdata-rsp_ch=\"on\"\n\t\t\t\t\t\t\t\tdata-xy=\"x:c;xo:0,0,-2px,-1px;yo:15px,12px,-4px,7px;\"\n\t\t\t\t\t\t\t\tdata-text=\"w:normal;s:46,37,28,28;l:60,49,37,22;ls:-1,0,0,0;\"\n\t\t\t\t\t\t\t\tdata-dim=\"minh:0px,none,none,none;\"\n\t\t\t\t\t\t\t\tdata-frame_999=\"o:0;st:w;sR:8700;\"\n\t\t\t\t\t\t\t\tstyle=\"z-index:11;font-family:'El Messiri';\"\n\t\t\t\t\t\t\t>BIENVENUE \n\t\t\t\t\t\t\t<\/rs-layer><!--\n\n\t\t\t\t\t\t\t--><rs-layer\n\t\t\t\t\t\t\t\tid=\"slider-25-slide-23-layer-17\" \n\t\t\t\t\t\t\t\tdata-type=\"text\"\n\t\t\t\t\t\t\t\tdata-rsp_ch=\"on\"\n\t\t\t\t\t\t\t\tdata-xy=\"x:c;xo:0,0,0,-1px;yo:162px,133px,101px,96px;\"\n\t\t\t\t\t\t\t\tdata-text=\"w:normal;s:20,16,20,20;l:25,20,15,9;a:left,left,center,center;\"\n\t\t\t\t\t\t\t\tdata-dim=\"w:auto,auto,auto,452px;h:auto,auto,auto,37px;\"\n\t\t\t\t\t\t\t\tdata-frame_999=\"o:0;st:w;sR:8700;\"\n\t\t\t\t\t\t\t\tstyle=\"z-index:16;font-family:'Roboto';\"\n\t\t\t\t\t\t\t>Bienvenue sur la boutique en ligne<br \/>    <br \/>pour les param\u00e9dics et les premiers r\u00e9pondants \n\t\t\t\t\t\t\t<\/rs-layer><!--\n\n\t\t\t\t\t\t\t--><rs-layer\n\t\t\t\t\t\t\t\tid=\"slider-25-slide-23-layer-18\" \n\t\t\t\t\t\t\t\tdata-type=\"text\"\n\t\t\t\t\t\t\t\tdata-rsp_ch=\"on\"\n\t\t\t\t\t\t\t\tdata-xy=\"xo:1168px,964px,732px,451px;yo:157px,129px,98px,60px;\"\n\t\t\t\t\t\t\t\tdata-text=\"w:normal;s:50,41,31,19;l:50,41,31,19;\"\n\t\t\t\t\t\t\t\tdata-vbility=\"t,t,f,f\"\n\t\t\t\t\t\t\t\tdata-ford=\"frame_0;frame_1;frame_2;frame_999;\"\n\t\t\t\t\t\t\t\tdata-frame_0=\"y:-100%;\"\n\t\t\t\t\t\t\t\tdata-frame_0_mask=\"u:t;\"\n\t\t\t\t\t\t\t\tdata-frame_1=\"st:3990;sp:1810;sR:3990;\"\n\t\t\t\t\t\t\t\tdata-frame_1_mask=\"u:t;\"\n\t\t\t\t\t\t\t\tdata-frame_999=\"o:0;st:w;sR:410;\"\n\t\t\t\t\t\t\t\tdata-frame_2=\"x:-335px,-276px,-209px,-128px;y:360px,297px,225px,138px;st:5830;sp:2760;sR:30;\"\n\t\t\t\t\t\t\t\tdata-tloop=\"t:frame_2;r:5;\"\n\t\t\t\t\t\t\t\tstyle=\"z-index:17;font-family:'Roboto';\"\n\t\t\t\t\t\t\t><i class=\"fa-hand-pointer-o\"><\/i> \n\t\t\t\t\t\t\t<\/rs-layer><!--\n\n\t\t\t\t\t\t\t--><rs-layer\n\t\t\t\t\t\t\t\tid=\"slider-25-slide-23-layer-19\" \n\t\t\t\t\t\t\t\tdata-type=\"text\"\n\t\t\t\t\t\t\t\tdata-color=\"#fff\"\n\t\t\t\t\t\t\t\tdata-rsp_ch=\"on\"\n\t\t\t\t\t\t\t\tdata-xy=\"xo:97px,80px,60px,29px;yo:642px,530px,402px,334px;\"\n\t\t\t\t\t\t\t\tdata-text=\"w:normal;s:30,24,25,18;l:60,49,37,22;ls:-1,0,0,0;\"\n\t\t\t\t\t\t\t\tdata-dim=\"minh:0px,none,none,none;\"\n\t\t\t\t\t\t\t\tdata-frame_1=\"x:-29px,-23px,-17px,-10px;y:-2px,-1px,0px,0px;e:power4.inOut;st:2020;sp:2610;sR:2020;\"\n\t\t\t\t\t\t\t\tdata-frame_1_sfx=\"se:blocktoright;\"\n\t\t\t\t\t\t\t\tdata-frame_999=\"o:0;st:w;sR:4370;\"\n\t\t\t\t\t\t\t\tstyle=\"z-index:20;font-family:'Shadows Into Light';\"\n\t\t\t\t\t\t\t>Rabais disponible pour commande de groupe<br \/> Communiquez avez nous \n\t\t\t\t\t\t\t<\/rs-layer><!--\n\n\t\t\t\t\t\t\t--><a\n\t\t\t\t\t\t\t\tid=\"slider-25-slide-23-layer-21\" \n\t\t\t\t\t\t\t\tclass=\"rs-layer\"\n\t\t\t\t\t\t\t\thref=\"https:\/\/btaq.ca\/boutique\/shop\" target=\"_self\" rel=\"nofollow\"\n\t\t\t\t\t\t\t\tdata-type=\"text\"\n\t\t\t\t\t\t\t\tdata-rsp_ch=\"on\"\n\t\t\t\t\t\t\t\tdata-xy=\"x:c;xo:-154px,-127px,-196px,-163px;yo:804px,663px,642px,585px;\"\n\t\t\t\t\t\t\t\tdata-text=\"w:normal;s:50,41,44,49;l:50,41,44,30;\"\n\t\t\t\t\t\t\t\tdata-frame_0=\"x:0,0,0px,0px;y:0,0,0px,0px;\"\n\t\t\t\t\t\t\t\tdata-frame_1=\"x:0,0,0px,0px;y:0,0,0px,0px;\"\n\t\t\t\t\t\t\t\tdata-frame_999=\"o:0;st:w;sR:8700;\"\n\t\t\t\t\t\t\t\tstyle=\"z-index:19;font-family:'Roboto';\"\n\t\t\t\t\t\t\t><i class=\"material-icons\">shopping_cart<\/i> \n\t\t\t\t\t\t\t<\/a><!--\n-->\t\t\t\t\t\t<\/rs-slide>\n\t\t\t\t\t<\/rs-slides>\n\t\t\t\t<\/rs-module>\n\t\t\t\t<script>\n\t\t\t\t\tsetREVStartSize({c: 'rev_slider_25_1',rl:[1240,1024,778,480],el:[900,768,960,720],gw:[1240,1024,778,480],gh:[900,768,960,720],type:'standard',justify:'',layout:'fullscreen',offsetContainer:'',offset:'',mh:\"0\"});if (window.RS_MODULES!==undefined && window.RS_MODULES.modules!==undefined && window.RS_MODULES.modules[\"revslider251\"]!==undefined) {window.RS_MODULES.modules[\"revslider251\"].once = false;window.revapi25 = undefined;if (window.RS_MODULES.checkMinimal!==undefined) window.RS_MODULES.checkMinimal()}\n\t\t\t\t<\/script>\n\t\t\t<\/rs-module-wrap>\n\t\t\t<!-- END REVOLUTION SLIDER -->\n\n","protected":false},"excerpt":{"rendered":"\u00c9quipement M\u00e9dical B.T.A.Q. mail_outline Cliquez pour d\u00e9buter le magasinage Voici l'insigne Param\u00e9dic, une exclusivit\u00e9 de la Boutique B.T.A.Q.","protected":false},"author":1,"featured_media":0,"parent":0,"menu_order":0,"comment_status":"closed","ping_status":"closed","template":"page-templates\/blank-page-template.php","meta":{"jetpack_post_was_ever_published":false,"footnotes":""},"class_list":["post-273","page","type-page","status-publish","hentry"],"jetpack_sharing_enabled":true,"jetpack_shortlink":"https:\/\/wp.me\/P9ImwX-4p","_links":{"self":[{"href":"https:\/\/btaq.ca\/boutique\/wp-json\/wp\/v2\/pages\/273","targetHints":{"allow":["GET"]}}],"collection":[{"href":"https:\/\/btaq.ca\/boutique\/wp-json\/wp\/v2\/pages"}],"about":[{"href":"https:\/\/btaq.ca\/boutique\/wp-json\/wp\/v2\/types\/page"}],"author":[{"embeddable":true,"href":"https:\/\/btaq.ca\/boutique\/wp-json\/wp\/v2\/users\/1"}],"replies":[{"embeddable":true,"href":"https:\/\/btaq.ca\/boutique\/wp-json\/wp\/v2\/comments?post=273"}],"version-history":[{"count":189,"href":"https:\/\/btaq.ca\/boutique\/wp-json\/wp\/v2\/pages\/273\/revisions"}],"predecessor-version":[{"id":1844,"href":"https:\/\/btaq.ca\/boutique\/wp-json\/wp\/v2\/pages\/273\/revisions\/1844"}],"wp:attachment":[{"href":"https:\/\/btaq.ca\/boutique\/wp-json\/wp\/v2\/media?parent=273"}],"curies":[{"name":"wp","href":"https:\/\/api.w.org\/{rel}","templated":true}]}}