{"id":18,"date":"2018-03-06T18:23:03","date_gmt":"2018-03-06T18:23:03","guid":{"rendered":"https:\/\/btaq.ca\/boutique\/?page_id=18"},"modified":"2018-10-01T09:59:12","modified_gmt":"2018-10-01T13:59:12","slug":"a-propos","status":"publish","type":"page","link":"https:\/\/btaq.ca\/boutique\/a-propos\/","title":{"rendered":"\u00c0 propos"},"content":{"rendered":"<h1>\u00c0 Propos<\/h1>\n<p><strong>L&#8217;HISTORIQUE DE LA B.T.A.Q. \u00a0<\/strong><\/p>\n<p>Le lancement de la Banque de Techniciens Ambulanciers du Qu\u00e9bec s\u2019est fait le 25 juin 1998. Depuis nous sommes au coeur du syst\u00e8me de sant\u00e9.<\/p>\n<p>Nous avons travaill\u00e9 sur ;<\/p>\n<p>*Site Internet diversifi\u00e9<\/p>\n<p>*Vente d&#8217;\u00e9quipements m\u00e9dicaux et d&#8217;uniforme<\/p>\n<p>*Promotion du pr\u00e9hospitalier<\/p>\n<p>&nbsp;<\/p>\n<p>Au plaisir de vous servir!<\/p>\n<p>L&#8217;\u00e9quipe de la BTAQ!<\/p>\n","protected":false},"excerpt":{"rendered":"<p>\u00c0 Propos L&#8217;HISTORIQUE DE LA B.T.A.Q. \u00a0 Le lancement de la Banque de Techniciens Ambulanciers du Qu\u00e9bec s\u2019est fait le 25 juin 1998. Depuis nous sommes au coeur du syst\u00e8me de sant\u00e9. Nous avons travaill\u00e9 sur ; *Site Internet diversifi\u00e9 *Vente d&#8217;\u00e9quipements m\u00e9dicaux et d&#8217;uniforme *Promotion du pr\u00e9hospitalier &nbsp; Au plaisir de vous servir! L&#8217;\u00e9quipe [&hellip;]<\/p>\n","protected":false},"author":1,"featured_media":0,"parent":0,"menu_order":0,"comment_status":"closed","ping_status":"closed","template":"","meta":{"jetpack_post_was_ever_published":false,"footnotes":""},"class_list":["post-18","page","type-page","status-publish","hentry"],"jetpack_sharing_enabled":true,"jetpack_shortlink":"https:\/\/wp.me\/P9ImwX-i","_links":{"self":[{"href":"https:\/\/btaq.ca\/boutique\/wp-json\/wp\/v2\/pages\/18","targetHints":{"allow":["GET"]}}],"collection":[{"href":"https:\/\/btaq.ca\/boutique\/wp-json\/wp\/v2\/pages"}],"about":[{"href":"https:\/\/btaq.ca\/boutique\/wp-json\/wp\/v2\/types\/page"}],"author":[{"embeddable":true,"href":"https:\/\/btaq.ca\/boutique\/wp-json\/wp\/v2\/users\/1"}],"replies":[{"embeddable":true,"href":"https:\/\/btaq.ca\/boutique\/wp-json\/wp\/v2\/comments?post=18"}],"version-history":[{"count":4,"href":"https:\/\/btaq.ca\/boutique\/wp-json\/wp\/v2\/pages\/18\/revisions"}],"predecessor-version":[{"id":925,"href":"https:\/\/btaq.ca\/boutique\/wp-json\/wp\/v2\/pages\/18\/revisions\/925"}],"wp:attachment":[{"href":"https:\/\/btaq.ca\/boutique\/wp-json\/wp\/v2\/media?parent=18"}],"curies":[{"name":"wp","href":"https:\/\/api.w.org\/{rel}","templated":true}]}}